{"id":60742,"date":"2025-04-14T16:15:59","date_gmt":"2025-04-14T14:15:59","guid":{"rendered":"https:\/\/www.comiccondenmark.com\/om-os\/"},"modified":"2026-03-31T10:44:27","modified_gmt":"2026-03-31T08:44:27","slug":"om-os","status":"publish","type":"page","link":"https:\/\/www.comiccondenmark.com\/da\/om-os\/","title":{"rendered":"Om os"},"content":{"rendered":"\t\t<div data-elementor-type=\"wp-page\" data-elementor-id=\"60742\" class=\"elementor elementor-60742 elementor-966\" data-elementor-post-type=\"page\">\n\t\t\t\t\t\t<section class=\"elementor-section elementor-top-section elementor-element elementor-element-507d1c6 elementor-section-height-min-height elementor-section-full_width elementor-section-height-default elementor-section-items-middle\" data-id=\"507d1c6\" data-element_type=\"section\" data-settings=\"{&quot;background_background&quot;:&quot;classic&quot;}\">\n\t\t\t\t\t\t<div class=\"elementor-container elementor-column-gap-default\">\n\t\t\t\t\t<div class=\"elementor-column elementor-col-100 elementor-top-column elementor-element elementor-element-69bebac animated-fast elementor-invisible\" data-id=\"69bebac\" data-element_type=\"column\" data-settings=\"{&quot;animation&quot;:&quot;zoomIn&quot;}\">\n\t\t\t<div class=\"elementor-widget-wrap elementor-element-populated\">\n\t\t\t\t\t\t<div class=\"elementor-element elementor-element-44914ef elementor-widget elementor-widget-heading\" data-id=\"44914ef\" data-element_type=\"widget\" data-widget_type=\"heading.default\">\n\t\t\t\t<div class=\"elementor-widget-container\">\n\t\t\t\t\t<h3 class=\"elementor-heading-title elementor-size-default\">where<\/h3>\t\t\t\t<\/div>\n\t\t\t\t<\/div>\n\t\t\t\t<div class=\"elementor-element elementor-element-e9cabc4 elementor-widget elementor-widget-heading\" data-id=\"e9cabc4\" data-element_type=\"widget\" data-widget_type=\"heading.default\">\n\t\t\t\t<div class=\"elementor-widget-container\">\n\t\t\t\t\t<h3 class=\"elementor-heading-title elementor-size-default\">adventures<\/h3>\t\t\t\t<\/div>\n\t\t\t\t<\/div>\n\t\t\t\t<div class=\"elementor-element elementor-element-08687d1 elementor-widget elementor-widget-heading\" data-id=\"08687d1\" data-element_type=\"widget\" data-widget_type=\"heading.default\">\n\t\t\t\t<div class=\"elementor-widget-container\">\n\t\t\t\t\t<h3 class=\"elementor-heading-title elementor-size-default\">begin<\/h3>\t\t\t\t<\/div>\n\t\t\t\t<\/div>\n\t\t\t\t\t<\/div>\n\t\t<\/div>\n\t\t\t\t\t<\/div>\n\t\t<\/section>\n\t\t\t\t<section class=\"elementor-section elementor-top-section elementor-element elementor-element-bf3708e elementor-section-boxed elementor-section-height-default elementor-section-height-default\" data-id=\"bf3708e\" data-element_type=\"section\" data-settings=\"{&quot;background_background&quot;:&quot;classic&quot;}\">\n\t\t\t\t\t\t<div class=\"elementor-container elementor-column-gap-default\">\n\t\t\t\t\t<div class=\"elementor-column elementor-col-50 elementor-top-column elementor-element elementor-element-9c7b31c\" data-id=\"9c7b31c\" data-element_type=\"column\">\n\t\t\t<div class=\"elementor-widget-wrap elementor-element-populated\">\n\t\t\t\t\t\t<div class=\"elementor-element elementor-element-fc93b3b elementor-invisible elementor-widget elementor-widget-image\" data-id=\"fc93b3b\" data-element_type=\"widget\" data-settings=\"{&quot;_animation&quot;:&quot;bounceInLeft&quot;}\" data-widget_type=\"image.default\">\n\t\t\t\t<div class=\"elementor-widget-container\">\n\t\t\t\t\t\t\t\t\t\t\t\t\t\t\t<img fetchpriority=\"high\" decoding=\"async\" width=\"800\" height=\"666\" src=\"https:\/\/easyfairsassets.com\/sites\/340\/2026\/01\/Group-8671-1024x852.png\" class=\"attachment-large size-large wp-image-67206\" alt=\"\" srcset=\"https:\/\/easyfairsassets.com\/sites\/340\/2026\/01\/Group-8671-1024x852.png 1024w, https:\/\/easyfairsassets.com\/sites\/340\/2026\/01\/Group-8671-300x250.png 300w, https:\/\/easyfairsassets.com\/sites\/340\/2026\/01\/Group-8671-768x639.png 768w, https:\/\/easyfairsassets.com\/sites\/340\/2026\/01\/Group-8671.png 1200w\" sizes=\"(max-width: 800px) 100vw, 800px\" \/>\t\t\t\t\t\t\t\t\t\t\t\t\t\t\t<\/div>\n\t\t\t\t<\/div>\n\t\t\t\t\t<\/div>\n\t\t<\/div>\n\t\t\t\t<div class=\"elementor-column elementor-col-50 elementor-top-column elementor-element elementor-element-edb4b31\" data-id=\"edb4b31\" data-element_type=\"column\">\n\t\t\t<div class=\"elementor-widget-wrap elementor-element-populated\">\n\t\t\t\t\t\t<div class=\"elementor-element elementor-element-85be072 elementor-widget elementor-widget-heading\" data-id=\"85be072\" data-element_type=\"widget\" data-widget_type=\"heading.default\">\n\t\t\t\t<div class=\"elementor-widget-container\">\n\t\t\t\t\t<h2 class=\"elementor-heading-title elementor-size-default\">Comic Con; SIDEN 2014 <\/h2>\t\t\t\t<\/div>\n\t\t\t\t<\/div>\n\t\t\t\t<div class=\"elementor-element elementor-element-aa407fa premium-header-block premium-lq__none premium-box-lq__none elementor-widget elementor-widget-premium-addon-dual-header\" data-id=\"aa407fa\" data-element_type=\"widget\" data-widget_type=\"premium-addon-dual-header.default\">\n\t\t\t\t<div class=\"elementor-widget-container\">\n\t\t\t\t\t\r\n\t\t\t\t\t<h1 class=\"premium-dual-header-first-header \"><span class=\"premium-dual-header-first-span\">Minder for <\/span><span class=\"premium-dual-header-second-header \">sm\u00e5 &amp; store fans<\/span><\/h1> \t\t\r\n\t\t\t\t\t\t<\/div>\n\t\t\t\t<\/div>\n\t\t\t\t<div class=\"elementor-element elementor-element-41e724b elementor-widget elementor-widget-text-editor\" data-id=\"41e724b\" data-element_type=\"widget\" data-widget_type=\"text-editor.default\">\n\t\t\t\t<div class=\"elementor-widget-container\">\n\t\t\t\t\t\t\t\t\t<p>Comic Con gjorde sit store comeback i Danmark i 2025 \u2013 og nu er vi tilbage igen i 2026! Comic Con Denmark finder sted i Bella Center i K\u00f8benhavn den 7.\u20138. november 2026. G\u00f8r dig klar til endnu et ultimativt popkultureventyr, fyldt med film, serier, gaming, cosplay og fantastiske fan\u2011\u00f8jeblikke.<\/p>\n<p>Siden 2014 har vi organiseret Comic Con\u2011events i hele Norden og samlet titusindvis af fans i Danmark, Finland og Sverige. Hvert \u00e5r bes\u00f8ger over 90.000 g\u00e6ster vores events og skaber minder for livet.<\/p>\n\t\t\t\t\t\t\t\t<\/div>\n\t\t\t\t<\/div>\n\t\t\t\t<div class=\"elementor-element elementor-element-ffc86e8 elementor-align-left elementor-tablet-align-left elementor-mobile-align-left elementor-widget elementor-widget-dynamic-button\" data-id=\"ffc86e8\" data-element_type=\"widget\" data-widget_type=\"dynamic-button.default\">\n\t\t\t\t<div class=\"elementor-widget-container\">\n\t\t\t\t\t        <div class=\"elementor-button-wrapper\">\n            <a href=\"https:\/\/www.comiccondenmark.com\/da\/billetter\/\" class=\"elementor-button-link elementor-button elementor-size-xs elementor-animation-grow\" role=\"button\">\n                        <span class=\"elementor-button-content-wrapper\">\n\t\t\t\t\t\t<span class=\"elementor-button-text\">Billetter<\/span>\n\t\t<\/span>\n                    <\/a>\n        <\/div>\n        \t\t\t\t<\/div>\n\t\t\t\t<\/div>\n\t\t\t\t\t<\/div>\n\t\t<\/div>\n\t\t\t\t\t<\/div>\n\t\t<\/section>\n\t\t\t\t<section class=\"elementor-section elementor-top-section elementor-element elementor-element-f38b3bc elementor-reverse-mobile elementor-reverse-tablet elementor-section-boxed elementor-section-height-default elementor-section-height-default\" data-id=\"f38b3bc\" data-element_type=\"section\" data-settings=\"{&quot;background_background&quot;:&quot;classic&quot;}\">\n\t\t\t\t\t\t<div class=\"elementor-container elementor-column-gap-default\">\n\t\t\t\t\t<div class=\"elementor-column elementor-col-50 elementor-top-column elementor-element elementor-element-34aa433\" data-id=\"34aa433\" data-element_type=\"column\">\n\t\t\t<div class=\"elementor-widget-wrap elementor-element-populated\">\n\t\t\t\t\t\t<div class=\"elementor-element elementor-element-6ce46d5 elementor-widget elementor-widget-heading\" data-id=\"6ce46d5\" data-element_type=\"widget\" data-widget_type=\"heading.default\">\n\t\t\t\t<div class=\"elementor-widget-container\">\n\t\t\t\t\t<h3 class=\"elementor-heading-title elementor-size-default\">Tidligere g\u00e6ster<\/h3>\t\t\t\t<\/div>\n\t\t\t\t<\/div>\n\t\t\t\t<div class=\"elementor-element elementor-element-143c1e9 elementor-widget elementor-widget-heading\" data-id=\"143c1e9\" data-element_type=\"widget\" data-widget_type=\"heading.default\">\n\t\t\t\t<div class=\"elementor-widget-container\">\n\t\t\t\t\t<h2 class=\"elementor-heading-title elementor-size-default\">M\u00f8d <br>dine helte<\/h2>\t\t\t\t<\/div>\n\t\t\t\t<\/div>\n\t\t\t\t<div class=\"elementor-element elementor-element-f5a24f1 elementor-widget elementor-widget-text-editor\" data-id=\"f5a24f1\" data-element_type=\"widget\" data-widget_type=\"text-editor.default\">\n\t\t\t\t<div class=\"elementor-widget-container\">\n\t\t\t\t\t\t\t\t\t<p>Hvert \u00e5r inviterer vi nogle af de mest eftertragtede skuespillere fra popul\u00e6re tv\u2011serier og film til Comic Con Denmark. Vi har tidligere haft bes\u00f8g af stjerner som Jared Padalecki, James McAvoy, Stephen Amell, Katherine McNamara, Mads Mikkelsen, Pamela Anderson, Cobie Smulders, Sean Astin, Evanna Lynch, Lana Parrilla og mange flere til vores events i norden.<\/p>\n<p>I Heroes Meet f\u00e5r du ikke bare chancen for at m\u00f8de disse stjerner, men ogs\u00e5 for at tage et billede sammen med dem eller f\u00e5 en autograf \u2013 m\u00e5ske det bedste minde, du kan tage med hjem fra Comic Con Denmark.<\/p>\n\t\t\t\t\t\t\t\t<\/div>\n\t\t\t\t<\/div>\n\t\t\t\t<div class=\"elementor-element elementor-element-98abe8f elementor-align-left elementor-tablet-align-left elementor-mobile-align-left elementor-widget elementor-widget-dynamic-button\" data-id=\"98abe8f\" data-element_type=\"widget\" data-widget_type=\"dynamic-button.default\">\n\t\t\t\t<div class=\"elementor-widget-container\">\n\t\t\t\t\t        <div class=\"elementor-button-wrapper\">\n            <a href=\"https:\/\/www.comiccondenmark.com\/da\/gaester\/\" class=\"elementor-button-link elementor-button elementor-size-xs elementor-animation-grow\" role=\"button\">\n                        <span class=\"elementor-button-content-wrapper\">\n\t\t\t\t\t\t<span class=\"elementor-button-text\">G\u00e6ster i \u00e5r<\/span>\n\t\t<\/span>\n                    <\/a>\n        <\/div>\n        \t\t\t\t<\/div>\n\t\t\t\t<\/div>\n\t\t\t\t\t<\/div>\n\t\t<\/div>\n\t\t\t\t<div class=\"elementor-column elementor-col-50 elementor-top-column elementor-element elementor-element-97f0b7f\" data-id=\"97f0b7f\" data-element_type=\"column\">\n\t\t\t<div class=\"elementor-widget-wrap elementor-element-populated\">\n\t\t\t\t\t\t<div class=\"elementor-element elementor-element-501002b elementor-invisible elementor-widget elementor-widget-image\" data-id=\"501002b\" data-element_type=\"widget\" data-settings=\"{&quot;_animation&quot;:&quot;bounceInRight&quot;}\" data-widget_type=\"image.default\">\n\t\t\t\t<div class=\"elementor-widget-container\">\n\t\t\t\t\t\t\t\t\t\t\t\t\t\t\t<img decoding=\"async\" width=\"800\" height=\"581\" src=\"https:\/\/easyfairsassets.com\/sites\/340\/2026\/03\/Group-867-1024x744.png\" class=\"attachment-large size-large wp-image-68404\" alt=\"\" srcset=\"https:\/\/easyfairsassets.com\/sites\/340\/2026\/03\/Group-867-1024x744.png 1024w, https:\/\/easyfairsassets.com\/sites\/340\/2026\/03\/Group-867-300x218.png 300w, https:\/\/easyfairsassets.com\/sites\/340\/2026\/03\/Group-867-768x558.png 768w, https:\/\/easyfairsassets.com\/sites\/340\/2026\/03\/Group-867-1536x1116.png 1536w, https:\/\/easyfairsassets.com\/sites\/340\/2026\/03\/Group-867.png 1544w\" sizes=\"(max-width: 800px) 100vw, 800px\" \/>\t\t\t\t\t\t\t\t\t\t\t\t\t\t\t<\/div>\n\t\t\t\t<\/div>\n\t\t\t\t\t<\/div>\n\t\t<\/div>\n\t\t\t\t\t<\/div>\n\t\t<\/section>\n\t\t\t\t<section class=\"elementor-section elementor-top-section elementor-element elementor-element-0f15ad3 elementor-section-boxed elementor-section-height-default elementor-section-height-default\" data-id=\"0f15ad3\" data-element_type=\"section\">\n\t\t\t\t\t\t<div class=\"elementor-container elementor-column-gap-default\">\n\t\t\t\t\t<div class=\"elementor-column elementor-col-33 elementor-top-column elementor-element elementor-element-bbc2f69\" data-id=\"bbc2f69\" data-element_type=\"column\" data-settings=\"{&quot;background_background&quot;:&quot;classic&quot;}\">\n\t\t\t<div class=\"elementor-widget-wrap elementor-element-populated\">\n\t\t\t\t\t\t<div class=\"elementor-element elementor-element-942c224 elementor-widget elementor-widget-image\" data-id=\"942c224\" data-element_type=\"widget\" data-widget_type=\"image.default\">\n\t\t\t\t<div class=\"elementor-widget-container\">\n\t\t\t\t\t\t\t\t\t\t\t\t\t\t\t<img decoding=\"async\" width=\"600\" height=\"700\" src=\"https:\/\/easyfairsassets.com\/sites\/340\/2026\/01\/Activites.jpg\" class=\"attachment-large size-large wp-image-67386\" alt=\"Frog mascot dancing in a crowd at Comic Con.\" srcset=\"https:\/\/easyfairsassets.com\/sites\/340\/2026\/01\/Activites.jpg 600w, https:\/\/easyfairsassets.com\/sites\/340\/2026\/01\/Activites-257x300.jpg 257w\" sizes=\"(max-width: 600px) 100vw, 600px\" \/>\t\t\t\t\t\t\t\t\t\t\t\t\t\t\t<\/div>\n\t\t\t\t<\/div>\n\t\t\t\t<section class=\"elementor-section elementor-inner-section elementor-element elementor-element-0f68284 elementor-section-boxed elementor-section-height-default elementor-section-height-default\" data-id=\"0f68284\" data-element_type=\"section\">\n\t\t\t\t\t\t<div class=\"elementor-container elementor-column-gap-default\">\n\t\t\t\t\t<div class=\"elementor-column elementor-col-100 elementor-inner-column elementor-element elementor-element-9be1620\" data-id=\"9be1620\" data-element_type=\"column\">\n\t\t\t<div class=\"elementor-widget-wrap elementor-element-populated\">\n\t\t\t\t\t\t<div class=\"elementor-element elementor-element-97d7ea0 elementor-widget elementor-widget-heading\" data-id=\"97d7ea0\" data-element_type=\"widget\" data-widget_type=\"heading.default\">\n\t\t\t\t<div class=\"elementor-widget-container\">\n\t\t\t\t\t<h2 class=\"elementor-heading-title elementor-size-default\">Aktivitets<br> Omr\u00e5der<\/h2>\t\t\t\t<\/div>\n\t\t\t\t<\/div>\n\t\t\t\t<div class=\"elementor-element elementor-element-5a35f2a elementor-widget elementor-widget-text-editor\" data-id=\"5a35f2a\" data-element_type=\"widget\" data-widget_type=\"text-editor.default\">\n\t\t\t\t<div class=\"elementor-widget-container\">\n\t\t\t\t\t\t\t\t\t<p>Oplev alle vores aktivitetsomr\u00e5der p\u00e5 Comic Con Denmark \u2013 fra vores Game Hub, Star Wars Universe og kreative workshops til scener med panels og shows. Uanset om du er ny fan eller hardcore n\u00f8rd, er der noget for dig.<\/p>\n\t\t\t\t\t\t\t\t<\/div>\n\t\t\t\t<\/div>\n\t\t\t\t<div class=\"elementor-element elementor-element-386885e elementor-align-left elementor-tablet-align-left elementor-mobile-align-left elementor-widget elementor-widget-button\" data-id=\"386885e\" data-element_type=\"widget\" data-widget_type=\"button.default\">\n\t\t\t\t<div class=\"elementor-widget-container\">\n\t\t\t\t\t\t\t\t\t<div class=\"elementor-button-wrapper\">\n\t\t\t\t\t<a class=\"elementor-button elementor-button-link elementor-size-xs elementor-animation-grow\" href=\"https:\/\/www.comiccondenmark.com\/da\/se-goere\/\" target=\"_blank\">\n\t\t\t\t\t\t<span class=\"elementor-button-content-wrapper\">\n\t\t\t\t\t\t\t\t\t<span class=\"elementor-button-text\">Se alle aktiviteter<\/span>\n\t\t\t\t\t<\/span>\n\t\t\t\t\t<\/a>\n\t\t\t\t<\/div>\n\t\t\t\t\t\t\t\t<\/div>\n\t\t\t\t<\/div>\n\t\t\t\t\t<\/div>\n\t\t<\/div>\n\t\t\t\t\t<\/div>\n\t\t<\/section>\n\t\t\t\t\t<\/div>\n\t\t<\/div>\n\t\t\t\t<div class=\"elementor-column elementor-col-33 elementor-top-column elementor-element elementor-element-63d5080\" data-id=\"63d5080\" data-element_type=\"column\" data-settings=\"{&quot;background_background&quot;:&quot;classic&quot;}\">\n\t\t\t<div class=\"elementor-widget-wrap elementor-element-populated\">\n\t\t\t\t\t\t<div class=\"elementor-element elementor-element-e9c87f6 elementor-widget elementor-widget-image\" data-id=\"e9c87f6\" data-element_type=\"widget\" data-widget_type=\"image.default\">\n\t\t\t\t<div class=\"elementor-widget-container\">\n\t\t\t\t\t\t\t\t\t\t\t\t\t\t\t<img loading=\"lazy\" decoding=\"async\" width=\"600\" height=\"700\" src=\"https:\/\/easyfairsassets.com\/sites\/340\/2026\/01\/Exhibitors.jpg\" class=\"attachment-large size-large wp-image-67388\" alt=\"MeltyChocolateMoon selling at Comic Con.\" srcset=\"https:\/\/easyfairsassets.com\/sites\/340\/2026\/01\/Exhibitors.jpg 600w, https:\/\/easyfairsassets.com\/sites\/340\/2026\/01\/Exhibitors-257x300.jpg 257w\" sizes=\"(max-width: 600px) 100vw, 600px\" \/>\t\t\t\t\t\t\t\t\t\t\t\t\t\t\t<\/div>\n\t\t\t\t<\/div>\n\t\t\t\t<section class=\"elementor-section elementor-inner-section elementor-element elementor-element-a0e1b85 elementor-section-boxed elementor-section-height-default elementor-section-height-default\" data-id=\"a0e1b85\" data-element_type=\"section\">\n\t\t\t\t\t\t<div class=\"elementor-container elementor-column-gap-default\">\n\t\t\t\t\t<div class=\"elementor-column elementor-col-100 elementor-inner-column elementor-element elementor-element-17eae2b\" data-id=\"17eae2b\" data-element_type=\"column\">\n\t\t\t<div class=\"elementor-widget-wrap elementor-element-populated\">\n\t\t\t\t\t\t<div class=\"elementor-element elementor-element-b3288c0 elementor-widget elementor-widget-heading\" data-id=\"b3288c0\" data-element_type=\"widget\" data-widget_type=\"heading.default\">\n\t\t\t\t<div class=\"elementor-widget-container\">\n\t\t\t\t\t<h2 class=\"elementor-heading-title elementor-size-default\">Comic Con <br>Udstillere<\/h2>\t\t\t\t<\/div>\n\t\t\t\t<\/div>\n\t\t\t\t<div class=\"elementor-element elementor-element-32eb9f2 elementor-widget elementor-widget-text-editor\" data-id=\"32eb9f2\" data-element_type=\"widget\" data-widget_type=\"text-editor.default\">\n\t\t\t\t<div class=\"elementor-widget-container\">\n\t\t\t\t\t\t\t\t\t<p>M\u00f8d udstillere fra hele n\u00f8rdeuniverset p\u00e5 Comic Con Denmark. Her finder du alt fra tegneserier, merch og collectibles til spil, kunst, figurer og meget mere. Udforsk boderne, opdag nye favoritter og st\u00f8t dine yndlingsbrands.<\/p>\n\t\t\t\t\t\t\t\t<\/div>\n\t\t\t\t<\/div>\n\t\t\t\t<div class=\"elementor-element elementor-element-ed6c3cd elementor-align-left elementor-tablet-align-left elementor-mobile-align-left elementor-widget elementor-widget-button\" data-id=\"ed6c3cd\" data-element_type=\"widget\" data-widget_type=\"button.default\">\n\t\t\t\t<div class=\"elementor-widget-container\">\n\t\t\t\t\t\t\t\t\t<div class=\"elementor-button-wrapper\">\n\t\t\t\t\t<a class=\"elementor-button elementor-button-link elementor-size-xs elementor-animation-grow\" href=\"\/udstillere\" target=\"_blank\">\n\t\t\t\t\t\t<span class=\"elementor-button-content-wrapper\">\n\t\t\t\t\t\t\t\t\t<span class=\"elementor-button-text\">Se alle udstillere<\/span>\n\t\t\t\t\t<\/span>\n\t\t\t\t\t<\/a>\n\t\t\t\t<\/div>\n\t\t\t\t\t\t\t\t<\/div>\n\t\t\t\t<\/div>\n\t\t\t\t\t<\/div>\n\t\t<\/div>\n\t\t\t\t\t<\/div>\n\t\t<\/section>\n\t\t\t\t\t<\/div>\n\t\t<\/div>\n\t\t\t\t<div class=\"elementor-column elementor-col-33 elementor-top-column elementor-element elementor-element-c0d7843\" data-id=\"c0d7843\" data-element_type=\"column\" data-settings=\"{&quot;background_background&quot;:&quot;classic&quot;}\">\n\t\t\t<div class=\"elementor-widget-wrap elementor-element-populated\">\n\t\t\t\t\t\t<div class=\"elementor-element elementor-element-b96e7b2 elementor-widget elementor-widget-image\" data-id=\"b96e7b2\" data-element_type=\"widget\" data-widget_type=\"image.default\">\n\t\t\t\t<div class=\"elementor-widget-container\">\n\t\t\t\t\t\t\t\t\t\t\t\t\t\t\t<img loading=\"lazy\" decoding=\"async\" width=\"600\" height=\"700\" src=\"https:\/\/easyfairsassets.com\/sites\/340\/2026\/01\/Heroes-Meet.jpg\" class=\"attachment-large size-large wp-image-67395\" alt=\"Photo of Robin Lord Taylor and Sean Pertwee at Comic Con Denmark 2025\" srcset=\"https:\/\/easyfairsassets.com\/sites\/340\/2026\/01\/Heroes-Meet.jpg 600w, https:\/\/easyfairsassets.com\/sites\/340\/2026\/01\/Heroes-Meet-257x300.jpg 257w\" sizes=\"(max-width: 600px) 100vw, 600px\" \/>\t\t\t\t\t\t\t\t\t\t\t\t\t\t\t<\/div>\n\t\t\t\t<\/div>\n\t\t\t\t<section class=\"elementor-section elementor-inner-section elementor-element elementor-element-0782a8f elementor-section-boxed elementor-section-height-default elementor-section-height-default\" data-id=\"0782a8f\" data-element_type=\"section\">\n\t\t\t\t\t\t<div class=\"elementor-container elementor-column-gap-default\">\n\t\t\t\t\t<div class=\"elementor-column elementor-col-100 elementor-inner-column elementor-element elementor-element-325e8f1\" data-id=\"325e8f1\" data-element_type=\"column\">\n\t\t\t<div class=\"elementor-widget-wrap elementor-element-populated\">\n\t\t\t\t\t\t<div class=\"elementor-element elementor-element-e59585a elementor-widget elementor-widget-heading\" data-id=\"e59585a\" data-element_type=\"widget\" data-widget_type=\"heading.default\">\n\t\t\t\t<div class=\"elementor-widget-container\">\n\t\t\t\t\t<h2 class=\"elementor-heading-title elementor-size-default\">This is Where <br>Heroes Meet<\/h2>\t\t\t\t<\/div>\n\t\t\t\t<\/div>\n\t\t\t\t<div class=\"elementor-element elementor-element-150c338 elementor-widget elementor-widget-text-editor\" data-id=\"150c338\" data-element_type=\"widget\" data-widget_type=\"text-editor.default\">\n\t\t\t\t<div class=\"elementor-widget-container\">\n\t\t\t\t\t\t\t\t\t<p>I Heroes Meet\u2011omr\u00e5det p\u00e5 Comic Con Denmark kan du m\u00f8de skuespillere og Special Guests fra popul\u00e6re film og tv\u2011serier. F\u00e5 taget billeder, sikr dig autografer og kom helt t\u00e6t p\u00e5 dine helte \u2013 den ultimative fan\u2011oplevelse venter i Heroes Meet.<\/p>\n\t\t\t\t\t\t\t\t<\/div>\n\t\t\t\t<\/div>\n\t\t\t\t<div class=\"elementor-element elementor-element-4a72797 elementor-align-left elementor-tablet-align-left elementor-mobile-align-left elementor-widget elementor-widget-button\" data-id=\"4a72797\" data-element_type=\"widget\" data-widget_type=\"button.default\">\n\t\t\t\t<div class=\"elementor-widget-container\">\n\t\t\t\t\t\t\t\t\t<div class=\"elementor-button-wrapper\">\n\t\t\t\t\t<a class=\"elementor-button elementor-button-link elementor-size-xs elementor-animation-grow\" href=\"https:\/\/www.comiccondenmark.com\/da\/gaester\/\" target=\"_blank\">\n\t\t\t\t\t\t<span class=\"elementor-button-content-wrapper\">\n\t\t\t\t\t\t\t\t\t<span class=\"elementor-button-text\">Se \u00e5rets g\u00e6ster<\/span>\n\t\t\t\t\t<\/span>\n\t\t\t\t\t<\/a>\n\t\t\t\t<\/div>\n\t\t\t\t\t\t\t\t<\/div>\n\t\t\t\t<\/div>\n\t\t\t\t\t<\/div>\n\t\t<\/div>\n\t\t\t\t\t<\/div>\n\t\t<\/section>\n\t\t\t\t\t<\/div>\n\t\t<\/div>\n\t\t\t\t\t<\/div>\n\t\t<\/section>\n\t\t\t\t<\/div>\n\t\t","protected":false},"excerpt":{"rendered":"<p>where adventures begin Comic Con; SIDEN 2014 Minder for sm\u00e5 &amp; store fans Comic Con gjorde sit store comeback i Danmark i 2025 \u2013 og nu er vi tilbage igen i 2026! Comic Con Denmark finder sted i Bella Center i K\u00f8benhavn den 7.\u20138. november 2026. G\u00f8r dig klar til endnu et ultimativt popkultureventyr, fyldt [&hellip;]<\/p>\n","protected":false},"author":16,"featured_media":0,"parent":0,"menu_order":0,"comment_status":"closed","ping_status":"closed","template":"","meta":{"_seopress_robots_primary_cat":"","_seopress_titles_title":"Om Comic Con Denmark","_seopress_titles_desc":"Comic Con har fundet sted i Norden siden 2014 og har skabt minder for tusindvis af fans. M\u00f8d stjerner fra film og tv, gaming-udstillere m.m.","_seopress_robots_index":"","footnotes":""},"class_list":["post-60742","page","type-page","status-publish","hentry"],"_links":{"self":[{"href":"https:\/\/www.comiccondenmark.com\/da\/wp-json\/wp\/v2\/pages\/60742","targetHints":{"allow":["GET"]}}],"collection":[{"href":"https:\/\/www.comiccondenmark.com\/da\/wp-json\/wp\/v2\/pages"}],"about":[{"href":"https:\/\/www.comiccondenmark.com\/da\/wp-json\/wp\/v2\/types\/page"}],"author":[{"embeddable":true,"href":"https:\/\/www.comiccondenmark.com\/da\/wp-json\/wp\/v2\/users\/16"}],"replies":[{"embeddable":true,"href":"https:\/\/www.comiccondenmark.com\/da\/wp-json\/wp\/v2\/comments?post=60742"}],"version-history":[{"count":5,"href":"https:\/\/www.comiccondenmark.com\/da\/wp-json\/wp\/v2\/pages\/60742\/revisions"}],"predecessor-version":[{"id":68444,"href":"https:\/\/www.comiccondenmark.com\/da\/wp-json\/wp\/v2\/pages\/60742\/revisions\/68444"}],"wp:attachment":[{"href":"https:\/\/www.comiccondenmark.com\/da\/wp-json\/wp\/v2\/media?parent=60742"}],"curies":[{"name":"wp","href":"https:\/\/api.w.org\/{rel}","templated":true}]}}