{"id":60776,"date":"2025-04-14T17:02:42","date_gmt":"2025-04-14T15:02:42","guid":{"rendered":"https:\/\/www.comiccondenmark.com\/find-vej\/"},"modified":"2025-07-02T10:16:54","modified_gmt":"2025-07-02T08:16:54","slug":"find-vej","status":"publish","type":"page","link":"https:\/\/www.comiccondenmark.com\/da\/find-vej\/","title":{"rendered":"Find vej"},"content":{"rendered":"\t\t<div data-elementor-type=\"wp-page\" data-elementor-id=\"60776\" class=\"elementor elementor-60776 elementor-2300\" data-elementor-post-type=\"page\">\n\t\t\t\t\t\t<section class=\"elementor-section elementor-top-section elementor-element elementor-element-b14aef4 elementor-section-boxed elementor-section-height-default elementor-section-height-default\" data-id=\"b14aef4\" data-element_type=\"section\" data-settings=\"{&quot;background_background&quot;:&quot;classic&quot;}\">\n\t\t\t\t\t\t\t<div class=\"elementor-background-overlay\"><\/div>\n\t\t\t\t\t\t\t<div class=\"elementor-container elementor-column-gap-default\">\n\t\t\t\t\t<div class=\"elementor-column elementor-col-100 elementor-top-column elementor-element elementor-element-74726fa\" data-id=\"74726fa\" data-element_type=\"column\">\n\t\t\t<div class=\"elementor-widget-wrap elementor-element-populated\">\n\t\t\t\t\t\t<section class=\"elementor-section elementor-inner-section elementor-element elementor-element-d8de451 elementor-section-boxed elementor-section-height-default elementor-section-height-default\" data-id=\"d8de451\" data-element_type=\"section\" data-settings=\"{&quot;background_background&quot;:&quot;classic&quot;}\">\n\t\t\t\t\t\t<div class=\"elementor-container elementor-column-gap-default\">\n\t\t\t\t\t<div class=\"elementor-column elementor-col-50 elementor-inner-column elementor-element elementor-element-b681f06\" data-id=\"b681f06\" data-element_type=\"column\">\n\t\t\t<div class=\"elementor-widget-wrap elementor-element-populated\">\n\t\t\t\t\t\t<div class=\"elementor-element elementor-element-6f8b9bd elementor-widget elementor-widget-heading\" data-id=\"6f8b9bd\" data-element_type=\"widget\" data-widget_type=\"heading.default\">\n\t\t\t\t<div class=\"elementor-widget-container\">\n\t\t\t\t\t<h1 class=\"elementor-heading-title elementor-size-default\">S\u00c5DAN KOMMER DU FREM<\/h1>\t\t\t\t<\/div>\n\t\t\t\t<\/div>\n\t\t\t\t<div class=\"elementor-element elementor-element-f50af9b elementor-widget elementor-widget-heading\" data-id=\"f50af9b\" data-element_type=\"widget\" data-widget_type=\"heading.default\">\n\t\t\t\t<div class=\"elementor-widget-container\">\n\t\t\t\t\t<h2 class=\"elementor-heading-title elementor-size-default\">Bella Center<\/h2>\t\t\t\t<\/div>\n\t\t\t\t<\/div>\n\t\t\t\t<div class=\"elementor-element elementor-element-541712c elementor-widget elementor-widget-text-editor\" data-id=\"541712c\" data-element_type=\"widget\" data-widget_type=\"text-editor.default\">\n\t\t\t\t<div class=\"elementor-widget-container\">\n\t\t\t\t\t\t\t\t\t<p>Adressen til Bella Center er Center Blvd. 5, 2300 K\u00f8benhavn, Danmark.<\/p>\n<p>Vi anbefaler, at du tager metro, tog eller bus. Bella Center K\u00f8benhavn har en central beliggenhed i hjertet af \u00d8restad med egen Metrostation. Bella Center K\u00f8benhavn ligger kun 6 kilometer fra K\u00f8benhavns Lufthavn Kastrup og 8 kilometer fra K\u00f8benhavns centrum.<\/p>\n\t\t\t\t\t\t\t\t<\/div>\n\t\t\t\t<\/div>\n\t\t\t\t\t<\/div>\n\t\t<\/div>\n\t\t\t\t<div class=\"elementor-column elementor-col-50 elementor-inner-column elementor-element elementor-element-7721554\" data-id=\"7721554\" data-element_type=\"column\">\n\t\t\t<div class=\"elementor-widget-wrap elementor-element-populated\">\n\t\t\t\t\t\t<div class=\"elementor-element elementor-element-72c80a9 elementor-invisible elementor-widget elementor-widget-image\" data-id=\"72c80a9\" data-element_type=\"widget\" data-settings=\"{&quot;_animation&quot;:&quot;bounceInRight&quot;}\" data-widget_type=\"image.default\">\n\t\t\t\t<div class=\"elementor-widget-container\">\n\t\t\t\t\t\t\t\t\t\t\t\t\t\t\t<img fetchpriority=\"high\" decoding=\"async\" width=\"769\" height=\"669\" src=\"https:\/\/easyfairsassets.com\/sites\/340\/2024\/11\/Group-775.png\" class=\"elementor-animation-grow attachment-large size-large wp-image-59111\" alt=\"get here\" srcset=\"https:\/\/easyfairsassets.com\/sites\/340\/2024\/11\/Group-775.png 769w, https:\/\/easyfairsassets.com\/sites\/340\/2024\/11\/Group-775-300x261.png 300w\" sizes=\"(max-width: 769px) 100vw, 769px\" \/>\t\t\t\t\t\t\t\t\t\t\t\t\t\t\t<\/div>\n\t\t\t\t<\/div>\n\t\t\t\t\t<\/div>\n\t\t<\/div>\n\t\t\t\t\t<\/div>\n\t\t<\/section>\n\t\t\t\t<section class=\"elementor-section elementor-inner-section elementor-element elementor-element-7613452 elementor-section-boxed elementor-section-height-default elementor-section-height-default\" data-id=\"7613452\" data-element_type=\"section\" data-settings=\"{&quot;background_background&quot;:&quot;classic&quot;}\">\n\t\t\t\t\t\t<div class=\"elementor-container elementor-column-gap-wider\">\n\t\t\t\t\t<div class=\"elementor-column elementor-col-50 elementor-inner-column elementor-element elementor-element-5f21ab1\" data-id=\"5f21ab1\" data-element_type=\"column\" data-settings=\"{&quot;background_background&quot;:&quot;classic&quot;}\">\n\t\t\t<div class=\"elementor-widget-wrap elementor-element-populated\">\n\t\t\t\t\t\t<div class=\"elementor-element elementor-element-b79a086 elementor-view-default elementor-widget elementor-widget-icon\" data-id=\"b79a086\" data-element_type=\"widget\" data-widget_type=\"icon.default\">\n\t\t\t\t<div class=\"elementor-widget-container\">\n\t\t\t\t\t\t\t<div class=\"elementor-icon-wrapper\">\n\t\t\t<div class=\"elementor-icon\">\n\t\t\t<i aria-hidden=\"true\" class=\"fas fa-subway\"><\/i>\t\t\t<\/div>\n\t\t<\/div>\n\t\t\t\t\t\t<\/div>\n\t\t\t\t<\/div>\n\t\t\t\t<div class=\"elementor-element elementor-element-66f2cf8 elementor-widget elementor-widget-heading\" data-id=\"66f2cf8\" data-element_type=\"widget\" data-widget_type=\"heading.default\">\n\t\t\t\t<div class=\"elementor-widget-container\">\n\t\t\t\t\t<h2 class=\"elementor-heading-title elementor-size-default\">Metro<\/h2>\t\t\t\t<\/div>\n\t\t\t\t<\/div>\n\t\t\t\t<div class=\"elementor-element elementor-element-400cd57 elementor-widget elementor-widget-text-editor\" data-id=\"400cd57\" data-element_type=\"widget\" data-widget_type=\"text-editor.default\">\n\t\t\t\t<div class=\"elementor-widget-container\">\n\t\t\t\t\t\t\t\t\t<p>Hvis du tager metroen, er K\u00f8benhavns bymidte kun et par minutter v\u00e6k. Metrolinjen M1 k\u00f8rer mellem Vanl\u00f8se og Vestamager. Metrostationen &#8220;Bella Center&#8221; ligger kun f\u00e5 minutter fra Bella Center K\u00f8benhavn. Se mere information p\u00e5 <a href=\"https:\/\/m.dk\/\">www.m.dk.<\/a><\/p>\n\t\t\t\t\t\t\t\t<\/div>\n\t\t\t\t<\/div>\n\t\t\t\t\t<\/div>\n\t\t<\/div>\n\t\t\t\t<div class=\"elementor-column elementor-col-50 elementor-inner-column elementor-element elementor-element-fc6e36f\" data-id=\"fc6e36f\" data-element_type=\"column\" data-settings=\"{&quot;background_background&quot;:&quot;classic&quot;}\">\n\t\t\t<div class=\"elementor-widget-wrap elementor-element-populated\">\n\t\t\t\t\t\t<div class=\"elementor-element elementor-element-d06f0fd elementor-view-default elementor-widget elementor-widget-icon\" data-id=\"d06f0fd\" data-element_type=\"widget\" data-widget_type=\"icon.default\">\n\t\t\t\t<div class=\"elementor-widget-container\">\n\t\t\t\t\t\t\t<div class=\"elementor-icon-wrapper\">\n\t\t\t<div class=\"elementor-icon\">\n\t\t\t<i aria-hidden=\"true\" class=\"fas fa-bus\"><\/i>\t\t\t<\/div>\n\t\t<\/div>\n\t\t\t\t\t\t<\/div>\n\t\t\t\t<\/div>\n\t\t\t\t<div class=\"elementor-element elementor-element-3db332e elementor-widget elementor-widget-heading\" data-id=\"3db332e\" data-element_type=\"widget\" data-widget_type=\"heading.default\">\n\t\t\t\t<div class=\"elementor-widget-container\">\n\t\t\t\t\t<h2 class=\"elementor-heading-title elementor-size-default\">BUS<\/h2>\t\t\t\t<\/div>\n\t\t\t\t<\/div>\n\t\t\t\t<div class=\"elementor-element elementor-element-579bb91 elementor-widget elementor-widget-text-editor\" data-id=\"579bb91\" data-element_type=\"widget\" data-widget_type=\"text-editor.default\">\n\t\t\t\t<div class=\"elementor-widget-container\">\n\t\t\t\t\t\t\t\t\t<p>Busk\u00f8replaner findes p\u00e5 <a href=\"http:\/\/www.publictransport.dk\/\">DOTs hjemmeside<\/a>. Du kan ogs\u00e5 bruge <a href=\"https:\/\/www.rejseplanen.dk\/webapp\/index.html?language=da_DA\">Rejseplanen<\/a> til at planl\u00e6gge din rejse med offentlig transport.<\/p>\n\t\t\t\t\t\t\t\t<\/div>\n\t\t\t\t<\/div>\n\t\t\t\t\t<\/div>\n\t\t<\/div>\n\t\t\t\t\t<\/div>\n\t\t<\/section>\n\t\t\t\t<section class=\"elementor-section elementor-inner-section elementor-element elementor-element-af3d810 elementor-section-boxed elementor-section-height-default elementor-section-height-default\" data-id=\"af3d810\" data-element_type=\"section\">\n\t\t\t\t\t\t<div class=\"elementor-container elementor-column-gap-wider\">\n\t\t\t\t\t<div class=\"elementor-column elementor-col-100 elementor-inner-column elementor-element elementor-element-6924212\" data-id=\"6924212\" data-element_type=\"column\" data-settings=\"{&quot;background_background&quot;:&quot;classic&quot;}\">\n\t\t\t<div class=\"elementor-widget-wrap elementor-element-populated\">\n\t\t\t\t\t\t<div class=\"elementor-element elementor-element-d6a8a22 elementor-view-default elementor-widget elementor-widget-icon\" data-id=\"d6a8a22\" data-element_type=\"widget\" data-widget_type=\"icon.default\">\n\t\t\t\t<div class=\"elementor-widget-container\">\n\t\t\t\t\t\t\t<div class=\"elementor-icon-wrapper\">\n\t\t\t<div class=\"elementor-icon\">\n\t\t\t<i aria-hidden=\"true\" class=\"fas fa-train\"><\/i>\t\t\t<\/div>\n\t\t<\/div>\n\t\t\t\t\t\t<\/div>\n\t\t\t\t<\/div>\n\t\t\t\t<div class=\"elementor-element elementor-element-0a8cef6 elementor-widget elementor-widget-heading\" data-id=\"0a8cef6\" data-element_type=\"widget\" data-widget_type=\"heading.default\">\n\t\t\t\t<div class=\"elementor-widget-container\">\n\t\t\t\t\t<h2 class=\"elementor-heading-title elementor-size-default\">Tog<\/h2>\t\t\t\t<\/div>\n\t\t\t\t<\/div>\n\t\t\t\t<div class=\"elementor-element elementor-element-be8efac elementor-widget elementor-widget-text-editor\" data-id=\"be8efac\" data-element_type=\"widget\" data-widget_type=\"text-editor.default\">\n\t\t\t\t<div class=\"elementor-widget-container\">\n\t\t\t\t\t\t\t\t\t<p>Hvis du planl\u00e6gger at rejse med tog, er Bella Center kun 10-15 minutter v\u00e6k med taxa fra K\u00f8benhavns Hovedbaneg\u00e5rd. Du kan ogs\u00e5 tage buslinje 30 til og fra K\u00f8benhavns Hovedbaneg\u00e5rd, som tager 20-25 minutter. Alle regionale tog stopper ogs\u00e5 ved \u00d8restad Station, hvor du kan skifte til metroen for at komme til Bella Center K\u00f8benhavn. Information og reservationer via DSB.<\/p>\n\t\t\t\t\t\t\t\t<\/div>\n\t\t\t\t<\/div>\n\t\t\t\t\t<\/div>\n\t\t<\/div>\n\t\t\t\t\t<\/div>\n\t\t<\/section>\n\t\t\t\t\t<\/div>\n\t\t<\/div>\n\t\t\t\t\t<\/div>\n\t\t<\/section>\n\t\t\t\t<section class=\"elementor-section elementor-top-section elementor-element elementor-element-0f33b0e elementor-section-full_width elementor-section-height-default elementor-section-height-default\" data-id=\"0f33b0e\" data-element_type=\"section\">\n\t\t\t\t\t\t<div class=\"elementor-container elementor-column-gap-default\">\n\t\t\t\t\t<div class=\"elementor-column elementor-col-100 elementor-top-column elementor-element elementor-element-beb142f\" data-id=\"beb142f\" data-element_type=\"column\" data-settings=\"{&quot;background_background&quot;:&quot;classic&quot;}\">\n\t\t\t<div class=\"elementor-widget-wrap elementor-element-populated\">\n\t\t\t\t\t\t<div class=\"elementor-element elementor-element-22707f2 elementor-widget elementor-widget-google_maps\" data-id=\"22707f2\" data-element_type=\"widget\" data-widget_type=\"google_maps.default\">\n\t\t\t\t<div class=\"elementor-widget-container\">\n\t\t\t\t\t\t\t<div class=\"elementor-custom-embed\">\n\t\t\t<iframe loading=\"lazy\"\n\t\t\t\t\tsrc=\"https:\/\/maps.google.com\/maps?q=bella%20center&#038;t=m&#038;z=11&#038;output=embed&#038;iwloc=near\"\n\t\t\t\t\ttitle=\"bella center\"\n\t\t\t\t\taria-label=\"bella center\"\n\t\t\t><\/iframe>\n\t\t<\/div>\n\t\t\t\t\t\t<\/div>\n\t\t\t\t<\/div>\n\t\t\t\t\t<\/div>\n\t\t<\/div>\n\t\t\t\t\t<\/div>\n\t\t<\/section>\n\t\t\t\t<\/div>\n\t\t","protected":false},"excerpt":{"rendered":"<p>S\u00c5DAN KOMMER DU FREM Bella Center Adressen til Bella Center er Center Blvd. 5, 2300 K\u00f8benhavn, Danmark. Vi anbefaler, at du tager metro, tog eller bus. Bella Center K\u00f8benhavn har en central beliggenhed i hjertet af \u00d8restad med egen Metrostation. Bella Center K\u00f8benhavn ligger kun 6 kilometer fra K\u00f8benhavns Lufthavn Kastrup og 8 kilometer fra [&hellip;]<\/p>\n","protected":false},"author":16,"featured_media":0,"parent":0,"menu_order":0,"comment_status":"closed","ping_status":"closed","template":"","meta":{"_seopress_robots_primary_cat":"","_seopress_titles_title":"S\u00e5dan finder du vej - Comic Con Denmark","_seopress_titles_desc":"Find vej til Bella Center og Comic Con Denmark. Her finder du forskellige transportmuligheder, der tager dig til Bella Center i K\u00f8benhavn.","_seopress_robots_index":"","footnotes":""},"class_list":["post-60776","page","type-page","status-publish","hentry"],"_links":{"self":[{"href":"https:\/\/www.comiccondenmark.com\/da\/wp-json\/wp\/v2\/pages\/60776","targetHints":{"allow":["GET"]}}],"collection":[{"href":"https:\/\/www.comiccondenmark.com\/da\/wp-json\/wp\/v2\/pages"}],"about":[{"href":"https:\/\/www.comiccondenmark.com\/da\/wp-json\/wp\/v2\/types\/page"}],"author":[{"embeddable":true,"href":"https:\/\/www.comiccondenmark.com\/da\/wp-json\/wp\/v2\/users\/16"}],"replies":[{"embeddable":true,"href":"https:\/\/www.comiccondenmark.com\/da\/wp-json\/wp\/v2\/comments?post=60776"}],"version-history":[{"count":1,"href":"https:\/\/www.comiccondenmark.com\/da\/wp-json\/wp\/v2\/pages\/60776\/revisions"}],"predecessor-version":[{"id":60778,"href":"https:\/\/www.comiccondenmark.com\/da\/wp-json\/wp\/v2\/pages\/60776\/revisions\/60778"}],"wp:attachment":[{"href":"https:\/\/www.comiccondenmark.com\/da\/wp-json\/wp\/v2\/media?parent=60776"}],"curies":[{"name":"wp","href":"https:\/\/api.w.org\/{rel}","templated":true}]}}