{"id":61532,"date":"2025-04-17T13:45:19","date_gmt":"2025-04-17T11:45:19","guid":{"rendered":"https:\/\/www.comiccondenmark.com\/cookies\/"},"modified":"2026-02-02T11:21:05","modified_gmt":"2026-02-02T10:21:05","slug":"cookies","status":"publish","type":"page","link":"https:\/\/www.comiccondenmark.com\/da\/cookies\/","title":{"rendered":"Cookies"},"content":{"rendered":"\t\t<div data-elementor-type=\"wp-page\" data-elementor-id=\"61532\" class=\"elementor elementor-61532 elementor-1333\" data-elementor-post-type=\"page\">\n\t\t\t\t\t\t<section class=\"elementor-section elementor-top-section elementor-element elementor-element-acffbe7 elementor-section-boxed elementor-section-height-default elementor-section-height-default\" data-id=\"acffbe7\" data-element_type=\"section\">\n\t\t\t\t\t\t<div class=\"elementor-container elementor-column-gap-default\">\n\t\t\t\t\t<div class=\"elementor-column elementor-col-100 elementor-top-column elementor-element elementor-element-9b76278\" data-id=\"9b76278\" data-element_type=\"column\">\n\t\t\t<div class=\"elementor-widget-wrap elementor-element-populated\">\n\t\t\t\t\t\t<section class=\"elementor-section elementor-inner-section elementor-element elementor-element-3470ed9 elementor-section-boxed elementor-section-height-default elementor-section-height-default\" data-id=\"3470ed9\" data-element_type=\"section\">\n\t\t\t\t\t\t<div class=\"elementor-container elementor-column-gap-default\">\n\t\t\t\t\t<div class=\"elementor-column elementor-col-50 elementor-inner-column elementor-element elementor-element-6db50bc\" data-id=\"6db50bc\" data-element_type=\"column\">\n\t\t\t<div class=\"elementor-widget-wrap elementor-element-populated\">\n\t\t\t\t\t\t<div class=\"elementor-element elementor-element-94878cd elementor-view-default elementor-widget elementor-widget-icon\" data-id=\"94878cd\" data-element_type=\"widget\" data-widget_type=\"icon.default\">\n\t\t\t\t<div class=\"elementor-widget-container\">\n\t\t\t\t\t\t\t<div class=\"elementor-icon-wrapper\">\n\t\t\t<div class=\"elementor-icon\">\n\t\t\t<i aria-hidden=\"true\" class=\"fas fa-cookie-bite\"><\/i>\t\t\t<\/div>\n\t\t<\/div>\n\t\t\t\t\t\t<\/div>\n\t\t\t\t<\/div>\n\t\t\t\t\t<\/div>\n\t\t<\/div>\n\t\t\t\t<div class=\"elementor-column elementor-col-50 elementor-inner-column elementor-element elementor-element-64bf267\" data-id=\"64bf267\" data-element_type=\"column\">\n\t\t\t<div class=\"elementor-widget-wrap elementor-element-populated\">\n\t\t\t\t\t\t<div class=\"elementor-element elementor-element-e7b84bd elementor-widget__width-initial elementor-widget elementor-widget-heading\" data-id=\"e7b84bd\" data-element_type=\"widget\" data-widget_type=\"heading.default\">\n\t\t\t\t<div class=\"elementor-widget-container\">\n\t\t\t\t\t<h1 class=\"elementor-heading-title elementor-size-default\">COOKIEPOLITIK<\/h1>\t\t\t\t<\/div>\n\t\t\t\t<\/div>\n\t\t\t\t\t<\/div>\n\t\t<\/div>\n\t\t\t\t\t<\/div>\n\t\t<\/section>\n\t\t\t\t<div class=\"elementor-element elementor-element-91d2ed4 elementor-widget elementor-widget-text-editor\" data-id=\"91d2ed4\" data-element_type=\"widget\" data-widget_type=\"text-editor.default\">\n\t\t\t\t<div class=\"elementor-widget-container\">\n\t\t\t\t\t\t\t\t\tVi bruger cookies p\u00e5 vores hjemmeside samt andre lignende teknologier. Cookies g\u00f8r det muligt for os at indsamle information om din brug af hjemmesiden og gemme den p\u00e5 din enhed. Det g\u00f8r vi for at sikre, at siden fungerer optimalt og er nem at bruge \u2013 og for at forbedre din oplevelse samt give dig relevante tilbud.\t\t\t\t\t\t\t\t<\/div>\n\t\t\t\t<\/div>\n\t\t\t\t<div class=\"elementor-element elementor-element-c0be36a elementor-widget elementor-widget-heading\" data-id=\"c0be36a\" data-element_type=\"widget\" data-widget_type=\"heading.default\">\n\t\t\t\t<div class=\"elementor-widget-container\">\n\t\t\t\t\t<h2 class=\"elementor-heading-title elementor-size-default\">Vi har brug for dit samtykke<\/h2>\t\t\t\t<\/div>\n\t\t\t\t<\/div>\n\t\t\t\t<div class=\"elementor-element elementor-element-dd4a595 elementor-widget elementor-widget-text-editor\" data-id=\"dd4a595\" data-element_type=\"widget\" data-widget_type=\"text-editor.default\">\n\t\t\t\t<div class=\"elementor-widget-container\">\n\t\t\t\t\t\t\t\t\tDu bestemmer selv, om du vil acceptere cookies p\u00e5 din enhed. Dit samtykke er n\u00f8dvendigt for brugen af alle cookies, bortset fra dem der er n\u00f8dvendige for at levere den tjeneste, du som bruger selv har anmodet om. Du giver dit samtykke ved at forts\u00e6tte med at bruge vores sider. Hvis du ikke accepterer vores brug af cookies, eller hvis du tidligere har givet samtykke og har ombestemt dig, kan du til enhver tid \u00e6ndre dine cookieindstillinger.\t\t\t\t\t\t\t\t<\/div>\n\t\t\t\t<\/div>\n\t\t\t\t<div class=\"elementor-element elementor-element-b626846 elementor-widget elementor-widget-heading\" data-id=\"b626846\" data-element_type=\"widget\" data-widget_type=\"heading.default\">\n\t\t\t\t<div class=\"elementor-widget-container\">\n\t\t\t\t\t<h2 class=\"elementor-heading-title elementor-size-default\">Hvad er cookies?<\/h2>\t\t\t\t<\/div>\n\t\t\t\t<\/div>\n\t\t\t\t<div class=\"elementor-element elementor-element-4cf2e75 elementor-widget elementor-widget-text-editor\" data-id=\"4cf2e75\" data-element_type=\"widget\" data-widget_type=\"text-editor.default\">\n\t\t\t\t<div class=\"elementor-widget-container\">\n\t\t\t\t\t\t\t\t\tEn cookie er en lille tekstfil, som gemmes i din browser, n\u00e5r du bes\u00f8ger en hjemmeside. Visse typer cookies er n\u00f8dvendige for at sikre, at vores hjemmesider fungerer korrekt og er nemme at bruge. Andre typer cookies bruges til at indsamle information om, hvad du foretager dig, n\u00e5r du bes\u00f8ger vores sider.\t\t\t\t\t\t\t\t<\/div>\n\t\t\t\t<\/div>\n\t\t\t\t<div class=\"elementor-element elementor-element-3f862a5 elementor-widget elementor-widget-toggle\" data-id=\"3f862a5\" data-element_type=\"widget\" data-widget_type=\"toggle.default\">\n\t\t\t\t<div class=\"elementor-widget-container\">\n\t\t\t\t\t\t\t<div class=\"elementor-toggle\">\n\t\t\t\t\t\t\t<div class=\"elementor-toggle-item\">\n\t\t\t\t\t<div id=\"elementor-tab-title-6661\" class=\"elementor-tab-title\" data-tab=\"1\" role=\"button\" aria-controls=\"elementor-tab-content-6661\" aria-expanded=\"false\">\n\t\t\t\t\t\t\t\t\t\t\t\t<span class=\"elementor-toggle-icon elementor-toggle-icon-left\" aria-hidden=\"true\">\n\t\t\t\t\t\t\t\t\t\t\t\t\t\t\t<span class=\"elementor-toggle-icon-closed\"><i class=\"fas fa-caret-right\"><\/i><\/span>\n\t\t\t\t\t\t\t\t<span class=\"elementor-toggle-icon-opened\"><i class=\"elementor-toggle-icon-opened fas fa-caret-up\"><\/i><\/span>\n\t\t\t\t\t\t\t\t\t\t\t\t\t<\/span>\n\t\t\t\t\t\t\t\t\t\t\t\t<a class=\"elementor-toggle-title\" tabindex=\"0\">COOKIEPOLITIK \u2014 EASYFAIRS-GRUPPEN & TILKNYTTEDE ENHEDER<\/a>\n\t\t\t\t\t<\/div>\n\n\t\t\t\t\t<div id=\"elementor-tab-content-6661\" class=\"elementor-tab-content elementor-clearfix\" data-tab=\"1\" role=\"region\" aria-labelledby=\"elementor-tab-title-6661\"><p>Introduktion<\/p>\n<ul>\n<li>Easyfairs International SA\/NV er moderselskab for en koncern, der er aktiv inden for organisering af live events og messer samt venue management.<\/li>\n<li>Easyfairs International SA\/NV og dets tilknyttede enheder tager beskyttelsen af deres kunders (udstillere, deltagere, bes\u00f8gende, arrang\u00f8rer, l\u00e6sere, annonc\u00f8rer, medlemmer, partnere, potentielle kunder osv.) personlige oplysninger meget seri\u00f8st. Derfor opbevares personoplysninger om vores kunder p\u00e5 en sikker m\u00e5de og behandles med st\u00f8rste omhu. Dette g\u00e6lder ogs\u00e5 for persondata om leverand\u00f8rer, \u00f8vrige interessenter og alle andre, vi er i kontakt med.<\/li>\n<li>Under behandlingen af dine personoplysninger respekterer Easyfairs International SA\/NV og dets tilknyttede enheder din ret til privatliv og vil kun behandle dine oplysninger i overensstemmelse med g\u00e6ldende databeskyttelseslovgivning, herunder databeskyttelsesforordningen (Forordning 2016\/679) (\u201c<strong>GDPR<\/strong>\u201d), Direktiv 2002\/58\/EF om behandling af personoplysninger og beskyttelse af privatlivets fred i den elektroniske kommunikationssektor (\u201c<strong>ePrivacy-direktivet<\/strong>\u201d) samt national databeskyttelseslovgivning.<\/li>\n<li>Denne cookiepolitik (\u201d<strong>Politikken<\/strong>\u201d) forklarer:<br \/>\n(i) hvilke cookies der placeres p\u00e5 din enhed og hvor l\u00e6nge,<br \/>\n(ii) hvordan du kan fjerne cookies fra din enhed og<br \/>\n(iii) hvilke rettigheder du har i forbindelse med disse cookies.<\/li>\n<li>Kontaktoplysninger for dataansvarlige<\/li>\n<li>Dine personoplysninger behandles af f\u00f8lgende f\u00e6lles <strong>dataansvarlige<\/strong>:<\/li>\n<li>Easyfairs Nordic AB, \u00c5by Arenav\u00e4g 8A, 431 62 M\u00f6lndal, Sverige<\/li>\n<li>\u2026..<\/li>\n<li>Easyfairs Group SA, Rue Saint-Lambert 135, 1200 Woluwe-Saint-Lambert, Belgien<\/li>\n<\/ul>\n<p>(Samlet kaldet \u201c<strong>Easyfairs<\/strong>\u201d, \u201c<strong>vi<\/strong>\u201d og \u201c<strong>os<\/strong>\u201d)<\/p>\n<ul>\n<li>Hvis du har sp\u00f8rgsm\u00e5l om denne cookiepolitik, eller hvis du \u00f8nsker at ud\u00f8ve dine rettigheder som beskrevet i afsnit 10, bedes du kontakte vores lokale Privacy Officer, Goran Bajku\u0161a, enten pr. post eller e-mail p\u00e5 f\u00f8lgende adresse: Easyfairs AB, \u00c5by Arenav\u00e4g 8A, 431 62 M\u00f6lndal, eller e-mail: PrivacySE@easyfairs.com.<\/li>\n<li>Du kan ogs\u00e5 kontakte vores koncern-databeskyttelsesr\u00e5dgiver p\u00e5 e-mail: dpo@easyfairs.com.<\/li>\n<li>HVAD er form\u00e5let og det juridiske grundlag for databehandlingen?<\/li>\n<\/ul>\n<p>&nbsp;<\/p>\n<ul>\n<li><em>Funktionelle cookies \u2013 strengt n\u00f8dvendige for at denne hjemmeside kan fungere<\/em><\/li>\n<\/ul>\n<p>&nbsp;<\/p>\n<ul>\n<li>Vi behandler funktionelle cookies for at realisere vores legitime interesser (Artikel 6(1)(f) i GDPR), navnlig til f\u00f8lgende form\u00e5l:<\/li>\n<\/ul>\n<p>(a) at m\u00e5le og optimere vores hjemmesides ydeevne<\/p>\n<p>(b) at tilbyde en hurtig og tilpasset brugerflade til de bes\u00f8gende p\u00e5 vores digitale platforme<\/p>\n<p>(c) at bruge dine persondata i aggregerede eller anonymiserede modeller med henblik p\u00e5 markedsanalyser, \u00f8konomistyring, markedsf\u00f8ring eller rapportering samt til at udf\u00f8re big data-analyser eller andre typer analyser<\/p>\n<p>I ovenst\u00e5ende tilf\u00e6lde tilstr\u00e6ber vi altid at opretholde en fair balance mellem n\u00f8dvendigheden af at behandle dine oplysninger og beskyttelsen af dine rettigheder og friheder \u2013 herunder respekt for dit privatliv.<\/p>\n<ul>\n<li><em>Ikke-funktionelle cookies<\/em><\/li>\n<li>Vi behandler ikke-funktionelle cookies med dit samtykke (Artikel 6(1)(a) i GDPR), navnlig til f\u00f8lgende form\u00e5l:<\/li>\n<\/ul>\n<p>(a) at evaluere og optimere kvaliteten af vores onlinetjenester og brugervenligheden af vores digitale platforme for at give dig den bedst mulige oplevelse<\/p>\n<p>(b) at oprette kunde- eller m\u00e5lgruppesegmenter eller marketingprofiler \u2013 f.eks. til m\u00e5lrettet markedsf\u00f8ring<\/p>\n<ul>\n<li>DINE RETTIGHEDER I FORBINDELSE MED DINE PERSONOPLYSNINGER<\/li>\n<\/ul>\n<p>Som registreret har du f\u00f8lgende rettigheder:<\/p>\n<p>For at ud\u00f8ve disse rettigheder skal du kontakte vores lokale Privacy Officer som n\u00e6vnt i punkt 2.2. Husk at vedl\u00e6gge en kopi af dit ID (pas, k\u00f8rekort eller lignende) samt din konkrete anmodning.<\/p>\n<ul>\n<li><strong>Ret til indsigt<\/strong>: Du kan \u2013 hvis lovgivningen tillader det \u2013 anmode om at f\u00e5 adgang til de personoplysninger, vi behandler om dig.<\/li>\n<li><strong>Ret til berigtigelse<\/strong>: Du kan anmode om, at vi retter un\u00f8jagtige oplysninger og\/eller supplerer ufuldst\u00e6ndige personoplysninger.<\/li>\n<li><strong>Ret til at tr\u00e6kke samtykke tilbage<\/strong>: Du kan til enhver tid tr\u00e6kke dit samtykke til cookies tilbage. Tilbagetr\u00e6kningen p\u00e5virker ikke lovligheden af den behandling, der allerede har fundet sted. Bem\u00e6rk, at visse funktioner p\u00e5 hjemmesiden muligvis ikke fungerer, hvis du tr\u00e6kker samtykket tilbage.<\/li>\n<li><strong>Ret til sletning<\/strong>: Du kan anmode om, at vi sletter dine oplysninger \u2013 medmindre vi har en lovlig grund til at opbevare dem, f.eks. en juridisk forpligtelse.<\/li>\n<li><strong>Ret til at indgive klage<\/strong>: Du har ret til at klage til den relevante datatilsynsmyndighed, hvis du mener, at vi behandler dine persondata i strid med lovgivningen.<\/li>\n<\/ul>\n<p>&nbsp;<\/p>\n<ul>\n<li>Tilknyttede hjemmesider<\/li>\n<\/ul>\n<p>Vi er ikke ansvarlige for privatlivspolitikker og praksis p\u00e5 andre hjemmesider, selv hvis du har fulgt et link fra vores hjemmeside. Vi anbefaler, at du gennemg\u00e5r politikken for hver hjemmeside, du bes\u00f8ger.<\/p>\n<p>\u00c6ndringer i denne politik<br \/>Vi forbeholder os retten til at \u00e6ndre eller opdatere denne cookiepolitik uden forudg\u00e5ende varsel. Eventuelle \u00e6ndringer vil blive offentliggjort p\u00e5 denne side. Det er dit ansvar at holde dig opdateret om politikken, hver gang du bruger vores tjenester eller hjemmeside.<\/p>\n<\/div>\n\t\t\t\t<\/div>\n\t\t\t\t\t\t\t\t<\/div>\n\t\t\t\t\t\t<\/div>\n\t\t\t\t<\/div>\n\t\t\t\t<div class=\"elementor-element elementor-element-2793e1e elementor-widget elementor-widget-iframe-widget\" data-id=\"2793e1e\" data-element_type=\"widget\" data-widget_type=\"iframe-widget.default\">\n\t\t\t\t<div class=\"elementor-widget-container\">\n\t\t\t\t\t<script type=\"text\/javascript\" charset=\"UTF-8\"  data-cookiescriptreport=\"report\" src=\"\/\/report.cookie-script.com\/r\/d395e5594f72893ab8490ec6f4bc34a1.js\"><\/script>\t\t\t\t<\/div>\n\t\t\t\t<\/div>\n\t\t\t\t\t<\/div>\n\t\t<\/div>\n\t\t\t\t\t<\/div>\n\t\t<\/section>\n\t\t\t\t<\/div>\n\t\t","protected":false},"excerpt":{"rendered":"<p>COOKIEPOLITIK Vi bruger cookies p\u00e5 vores hjemmeside samt andre lignende teknologier. Cookies g\u00f8r det muligt for os at indsamle information om din brug af hjemmesiden og gemme den p\u00e5 din enhed. Det g\u00f8r vi for at sikre, at siden fungerer optimalt og er nem at bruge \u2013 og for at forbedre din oplevelse samt give [&hellip;]<\/p>\n","protected":false},"author":16,"featured_media":0,"parent":0,"menu_order":0,"comment_status":"closed","ping_status":"closed","template":"","meta":{"_seopress_robots_primary_cat":"","_seopress_titles_title":"Samtykke til cookies \u2013 Comic Con Denmark","_seopress_titles_desc":"Cookie-samtykke. Vi bruger cookies og andre lignende datav\u00e6rkt\u00f8jer. De cookies, vi anvender, indsamler data om din brug af vores hjemmeside og gemmer disse oplysninger p\u00e5 din enhed.","_seopress_robots_index":"","footnotes":""},"class_list":["post-61532","page","type-page","status-publish","hentry"],"_links":{"self":[{"href":"https:\/\/www.comiccondenmark.com\/da\/wp-json\/wp\/v2\/pages\/61532","targetHints":{"allow":["GET"]}}],"collection":[{"href":"https:\/\/www.comiccondenmark.com\/da\/wp-json\/wp\/v2\/pages"}],"about":[{"href":"https:\/\/www.comiccondenmark.com\/da\/wp-json\/wp\/v2\/types\/page"}],"author":[{"embeddable":true,"href":"https:\/\/www.comiccondenmark.com\/da\/wp-json\/wp\/v2\/users\/16"}],"replies":[{"embeddable":true,"href":"https:\/\/www.comiccondenmark.com\/da\/wp-json\/wp\/v2\/comments?post=61532"}],"version-history":[{"count":3,"href":"https:\/\/www.comiccondenmark.com\/da\/wp-json\/wp\/v2\/pages\/61532\/revisions"}],"predecessor-version":[{"id":67868,"href":"https:\/\/www.comiccondenmark.com\/da\/wp-json\/wp\/v2\/pages\/61532\/revisions\/67868"}],"wp:attachment":[{"href":"https:\/\/www.comiccondenmark.com\/da\/wp-json\/wp\/v2\/media?parent=61532"}],"curies":[{"name":"wp","href":"https:\/\/api.w.org\/{rel}","templated":true}]}}