{"id":64068,"date":"2025-07-15T10:54:27","date_gmt":"2025-07-15T08:54:27","guid":{"rendered":"https:\/\/www.comiccondenmark.com\/board-gaming-zone\/"},"modified":"2026-02-13T10:42:16","modified_gmt":"2026-02-13T09:42:16","slug":"board-gaming-zone","status":"publish","type":"page","link":"https:\/\/www.comiccondenmark.com\/da\/board-gaming-zone\/","title":{"rendered":"Board Gaming Zone"},"content":{"rendered":"\t\t<div data-elementor-type=\"wp-page\" data-elementor-id=\"64068\" class=\"elementor elementor-64068 elementor-63950\" data-elementor-post-type=\"page\">\n\t\t\t\t\t\t<section class=\"elementor-section elementor-top-section elementor-element elementor-element-c8e30c3 elementor-section-height-min-height elementor-section-boxed elementor-section-height-default elementor-section-items-middle\" data-id=\"c8e30c3\" data-element_type=\"section\" data-settings=\"{&quot;background_background&quot;:&quot;classic&quot;}\">\n\t\t\t\t\t\t<div class=\"elementor-container elementor-column-gap-default\">\n\t\t\t\t\t<div class=\"elementor-column elementor-col-50 elementor-top-column elementor-element elementor-element-c33b087 animated-fast elementor-invisible\" data-id=\"c33b087\" data-element_type=\"column\" data-settings=\"{&quot;animation&quot;:&quot;zoomIn&quot;}\">\n\t\t\t<div class=\"elementor-widget-wrap\">\n\t\t\t\t\t\t\t<\/div>\n\t\t<\/div>\n\t\t\t\t<div class=\"elementor-column elementor-col-50 elementor-top-column elementor-element elementor-element-15257e4\" data-id=\"15257e4\" data-element_type=\"column\">\n\t\t\t<div class=\"elementor-widget-wrap elementor-element-populated\">\n\t\t\t\t\t\t<div class=\"elementor-element elementor-element-7167e34 elementor-widget elementor-widget-image\" data-id=\"7167e34\" data-element_type=\"widget\" data-widget_type=\"image.default\">\n\t\t\t\t<div class=\"elementor-widget-container\">\n\t\t\t\t\t\t\t\t\t\t\t\t\t\t\t<img fetchpriority=\"high\" decoding=\"async\" width=\"800\" height=\"800\" src=\"https:\/\/easyfairsassets.com\/sites\/340\/2026\/01\/Heroes-Logotyper-09-1024x1024.png\" class=\"attachment-large size-large wp-image-67347\" alt=\"\" srcset=\"https:\/\/easyfairsassets.com\/sites\/340\/2026\/01\/Heroes-Logotyper-09-1024x1024.png 1024w, https:\/\/easyfairsassets.com\/sites\/340\/2026\/01\/Heroes-Logotyper-09-300x300.png 300w, https:\/\/easyfairsassets.com\/sites\/340\/2026\/01\/Heroes-Logotyper-09-150x150.png 150w, https:\/\/easyfairsassets.com\/sites\/340\/2026\/01\/Heroes-Logotyper-09-768x768.png 768w, https:\/\/easyfairsassets.com\/sites\/340\/2026\/01\/Heroes-Logotyper-09-1536x1536.png 1536w, https:\/\/easyfairsassets.com\/sites\/340\/2026\/01\/Heroes-Logotyper-09.png 1920w\" sizes=\"(max-width: 800px) 100vw, 800px\" \/>\t\t\t\t\t\t\t\t\t\t\t\t\t\t\t<\/div>\n\t\t\t\t<\/div>\n\t\t\t\t\t<\/div>\n\t\t<\/div>\n\t\t\t\t\t<\/div>\n\t\t<\/section>\n\t\t\t\t<section class=\"elementor-section elementor-top-section elementor-element elementor-element-c00079f elementor-section-boxed elementor-section-height-default elementor-section-height-default\" data-id=\"c00079f\" data-element_type=\"section\" data-settings=\"{&quot;background_background&quot;:&quot;classic&quot;}\">\n\t\t\t\t\t\t<div class=\"elementor-container elementor-column-gap-default\">\n\t\t\t\t\t<div class=\"elementor-column elementor-col-50 elementor-top-column elementor-element elementor-element-3595e72\" data-id=\"3595e72\" data-element_type=\"column\" data-settings=\"{&quot;background_background&quot;:&quot;classic&quot;}\">\n\t\t\t<div class=\"elementor-widget-wrap elementor-element-populated\">\n\t\t\t\t\t\t<div class=\"elementor-element elementor-element-153b31c elementor-widget elementor-widget-spacer\" data-id=\"153b31c\" data-element_type=\"widget\" data-widget_type=\"spacer.default\">\n\t\t\t\t<div class=\"elementor-widget-container\">\n\t\t\t\t\t\t\t<div class=\"elementor-spacer\">\n\t\t\t<div class=\"elementor-spacer-inner\"><\/div>\n\t\t<\/div>\n\t\t\t\t\t\t<\/div>\n\t\t\t\t<\/div>\n\t\t\t\t\t<\/div>\n\t\t<\/div>\n\t\t\t\t<div class=\"elementor-column elementor-col-50 elementor-top-column elementor-element elementor-element-7e11eeb\" data-id=\"7e11eeb\" data-element_type=\"column\" data-settings=\"{&quot;background_background&quot;:&quot;classic&quot;}\">\n\t\t\t<div class=\"elementor-widget-wrap elementor-element-populated\">\n\t\t\t\t\t\t<div class=\"elementor-element elementor-element-cef9974 elementor-widget elementor-widget-heading\" data-id=\"cef9974\" data-element_type=\"widget\" data-widget_type=\"heading.default\">\n\t\t\t\t<div class=\"elementor-widget-container\">\n\t\t\t\t\t<h2 class=\"elementor-heading-title elementor-size-default\">Elsker du br\u00e6tspil?<\/h2>\t\t\t\t<\/div>\n\t\t\t\t<\/div>\n\t\t\t\t<div class=\"elementor-element elementor-element-ed28eab premium-header-block premium-lq__none premium-box-lq__none elementor-widget elementor-widget-premium-addon-dual-header\" data-id=\"ed28eab\" data-element_type=\"widget\" data-widget_type=\"premium-addon-dual-header.default\">\n\t\t\t\t<div class=\"elementor-widget-container\">\n\t\t\t\t\t\r\n\t\t\t\t\t<h1 class=\"premium-dual-header-first-header \"><span class=\"premium-dual-header-first-span\">Board  <\/span><span class=\"premium-dual-header-second-header \">gaming zone<\/span><\/h1> \t\t\r\n\t\t\t\t\t\t<\/div>\n\t\t\t\t<\/div>\n\t\t\t\t<div class=\"elementor-element elementor-element-b92dcf3 elementor-widget elementor-widget-text-editor\" data-id=\"b92dcf3\" data-element_type=\"widget\" data-widget_type=\"text-editor.default\">\n\t\t\t\t<div class=\"elementor-widget-container\">\n\t\t\t\t\t\t\t\t\t<p>Elsker du alle typer br\u00e6tspil \u2013 eller er du p\u00e5 jagt efter en ny hobby? S\u00e5 m\u00e5 du ikke g\u00e5 glip af vores Board Gaming Zone p\u00e5 Comic Con Denmark.<br \/>Her kan du pr\u00f8ve alt fra helt nye br\u00e6tspil til elskede klassikere for alle aldre. Du finder alt, hvad du skal bruge for at komme i gang: spil, borde, stole og hyggelige med\u2011spillere. Der vil ogs\u00e5 v\u00e6re frivillige og spilv\u00e6rter klar til at hj\u00e6lpe med reglerne, anbefale spil og s\u00e6tte jer godt i gang, hvis I har brug for det.<\/p>\n<p>Derudover planl\u00e6gger vi en masse sjove aktiviteter i Board Gaming Zone \u2013 som turneringer, intro\u2011runder til nye spil og f\u00e6llesspil for familier og venner. Mere information om konkrete spil og aktiviteter bliver offentliggjort, n\u00e5r vi n\u00e6rmer os eventet<\/p>\n\t\t\t\t\t\t\t\t<\/div>\n\t\t\t\t<\/div>\n\t\t\t\t<div class=\"elementor-element elementor-element-2ee436f elementor-align-left elementor-tablet-align-left elementor-mobile-align-left elementor-widget elementor-widget-button\" data-id=\"2ee436f\" data-element_type=\"widget\" data-widget_type=\"button.default\">\n\t\t\t\t<div class=\"elementor-widget-container\">\n\t\t\t\t\t\t\t\t\t<div class=\"elementor-button-wrapper\">\n\t\t\t\t\t<a class=\"elementor-button elementor-button-link elementor-size-xs elementor-animation-grow\" href=\"https:\/\/www.comiccondenmark.com\/da\/se-goere\/\">\n\t\t\t\t\t\t<span class=\"elementor-button-content-wrapper\">\n\t\t\t\t\t\t\t\t\t<span class=\"elementor-button-text\">Tilbage til aktiviteter<\/span>\n\t\t\t\t\t<\/span>\n\t\t\t\t\t<\/a>\n\t\t\t\t<\/div>\n\t\t\t\t\t\t\t\t<\/div>\n\t\t\t\t<\/div>\n\t\t\t\t\t<\/div>\n\t\t<\/div>\n\t\t\t\t\t<\/div>\n\t\t<\/section>\n\t\t\t\t<section class=\"elementor-section elementor-top-section elementor-element elementor-element-ef31a37 elementor-section-full_width elementor-section-height-default elementor-section-height-default\" data-id=\"ef31a37\" data-element_type=\"section\">\n\t\t\t\t\t\t<div class=\"elementor-container elementor-column-gap-default\">\n\t\t\t\t\t<div class=\"elementor-column elementor-col-25 elementor-top-column elementor-element elementor-element-8ea0362\" data-id=\"8ea0362\" data-element_type=\"column\" data-settings=\"{&quot;background_background&quot;:&quot;classic&quot;}\">\n\t\t\t<div class=\"elementor-widget-wrap elementor-element-populated\">\n\t\t\t\t\t\t<div class=\"elementor-element elementor-element-61daba0 elementor-widget elementor-widget-spacer\" data-id=\"61daba0\" data-element_type=\"widget\" data-widget_type=\"spacer.default\">\n\t\t\t\t<div class=\"elementor-widget-container\">\n\t\t\t\t\t\t\t<div class=\"elementor-spacer\">\n\t\t\t<div class=\"elementor-spacer-inner\"><\/div>\n\t\t<\/div>\n\t\t\t\t\t\t<\/div>\n\t\t\t\t<\/div>\n\t\t\t\t\t<\/div>\n\t\t<\/div>\n\t\t\t\t<div class=\"elementor-column elementor-col-25 elementor-top-column elementor-element elementor-element-858868d\" data-id=\"858868d\" data-element_type=\"column\" data-settings=\"{&quot;background_background&quot;:&quot;classic&quot;}\">\n\t\t\t<div class=\"elementor-widget-wrap elementor-element-populated\">\n\t\t\t\t\t\t<div class=\"elementor-element elementor-element-de68967 elementor-widget elementor-widget-spacer\" data-id=\"de68967\" data-element_type=\"widget\" data-widget_type=\"spacer.default\">\n\t\t\t\t<div class=\"elementor-widget-container\">\n\t\t\t\t\t\t\t<div class=\"elementor-spacer\">\n\t\t\t<div class=\"elementor-spacer-inner\"><\/div>\n\t\t<\/div>\n\t\t\t\t\t\t<\/div>\n\t\t\t\t<\/div>\n\t\t\t\t\t<\/div>\n\t\t<\/div>\n\t\t\t\t<div class=\"elementor-column elementor-col-25 elementor-top-column elementor-element elementor-element-b91f7dc\" data-id=\"b91f7dc\" data-element_type=\"column\" data-settings=\"{&quot;background_background&quot;:&quot;classic&quot;}\">\n\t\t\t<div class=\"elementor-widget-wrap elementor-element-populated\">\n\t\t\t\t\t\t<div class=\"elementor-element elementor-element-2873a69 elementor-widget elementor-widget-spacer\" data-id=\"2873a69\" data-element_type=\"widget\" data-widget_type=\"spacer.default\">\n\t\t\t\t<div class=\"elementor-widget-container\">\n\t\t\t\t\t\t\t<div class=\"elementor-spacer\">\n\t\t\t<div class=\"elementor-spacer-inner\"><\/div>\n\t\t<\/div>\n\t\t\t\t\t\t<\/div>\n\t\t\t\t<\/div>\n\t\t\t\t\t<\/div>\n\t\t<\/div>\n\t\t\t\t<div class=\"elementor-column elementor-col-25 elementor-top-column elementor-element elementor-element-f3d0cec\" data-id=\"f3d0cec\" data-element_type=\"column\" data-settings=\"{&quot;background_background&quot;:&quot;classic&quot;}\">\n\t\t\t<div class=\"elementor-widget-wrap elementor-element-populated\">\n\t\t\t\t\t\t<div class=\"elementor-element elementor-element-e05b127 elementor-widget elementor-widget-spacer\" data-id=\"e05b127\" data-element_type=\"widget\" data-widget_type=\"spacer.default\">\n\t\t\t\t<div class=\"elementor-widget-container\">\n\t\t\t\t\t\t\t<div class=\"elementor-spacer\">\n\t\t\t<div class=\"elementor-spacer-inner\"><\/div>\n\t\t<\/div>\n\t\t\t\t\t\t<\/div>\n\t\t\t\t<\/div>\n\t\t\t\t\t<\/div>\n\t\t<\/div>\n\t\t\t\t\t<\/div>\n\t\t<\/section>\n\t\t\t\t<section class=\"elementor-section elementor-top-section elementor-element elementor-element-ce69b24 elementor-section-boxed elementor-section-height-default elementor-section-height-default\" data-id=\"ce69b24\" data-element_type=\"section\" data-settings=\"{&quot;background_background&quot;:&quot;classic&quot;}\">\n\t\t\t\t\t\t<div class=\"elementor-container elementor-column-gap-default\">\n\t\t\t\t\t<div class=\"elementor-column elementor-col-100 elementor-top-column elementor-element elementor-element-13de5fa\" data-id=\"13de5fa\" data-element_type=\"column\">\n\t\t\t<div class=\"elementor-widget-wrap elementor-element-populated\">\n\t\t\t\t\t\t<div class=\"elementor-element elementor-element-c2e19c3 premium-header-block premium-lq__none premium-box-lq__none elementor-widget elementor-widget-premium-addon-dual-header\" data-id=\"c2e19c3\" data-element_type=\"widget\" data-widget_type=\"premium-addon-dual-header.default\">\n\t\t\t\t<div class=\"elementor-widget-container\">\n\t\t\t\t\t\r\n\t\t\t\t\t<h2 class=\"premium-dual-header-first-header \"><span class=\"premium-dual-header-first-span\">Ofte <\/span><span class=\"premium-dual-header-second-header \">stillede sp\u00f8rgsm\u00e5l<\/span><\/h2> \t\t\r\n\t\t\t\t\t\t<\/div>\n\t\t\t\t<\/div>\n\t\t\t\t<section class=\"elementor-section elementor-inner-section elementor-element elementor-element-32a629c elementor-section-full_width elementor-section-height-default elementor-section-height-default\" data-id=\"32a629c\" data-element_type=\"section\">\n\t\t\t\t\t\t<div class=\"elementor-container elementor-column-gap-default\">\n\t\t\t\t\t<div class=\"elementor-column elementor-col-100 elementor-inner-column elementor-element elementor-element-a49720a\" data-id=\"a49720a\" data-element_type=\"column\">\n\t\t\t<div class=\"elementor-widget-wrap elementor-element-populated\">\n\t\t\t\t\t\t<div class=\"elementor-element elementor-element-94d75e0 elementor-widget elementor-widget-n-accordion\" data-id=\"94d75e0\" data-element_type=\"widget\" data-settings=\"{&quot;default_state&quot;:&quot;all_collapsed&quot;,&quot;max_items_expended&quot;:&quot;one&quot;,&quot;n_accordion_animation_duration&quot;:{&quot;unit&quot;:&quot;ms&quot;,&quot;size&quot;:400,&quot;sizes&quot;:[]}}\" data-widget_type=\"nested-accordion.default\">\n\t\t\t\t<div class=\"elementor-widget-container\">\n\t\t\t\t\t\t\t<div class=\"e-n-accordion\" aria-label=\"Accordion. Open links with Enter or Space, close with Escape, and navigate with Arrow Keys\">\n\t\t\t\t\t\t<details id=\"e-n-accordion-item-1560\" class=\"e-n-accordion-item\" >\n\t\t\t\t<summary class=\"e-n-accordion-item-title\" data-accordion-index=\"1\" tabindex=\"0\" aria-expanded=\"false\" aria-controls=\"e-n-accordion-item-1560\" >\n\t\t\t\t\t<span class='e-n-accordion-item-title-header'><div class=\"e-n-accordion-item-title-text\"> Er det gratis at pr\u00f8ve spillene i Board Gaming Zone? <\/div><\/span>\n\t\t\t\t\t\t\t<span class='e-n-accordion-item-title-icon'>\n\t\t\t<span class='e-opened' ><i aria-hidden=\"true\" class=\"fas fa-minus\"><\/i><\/span>\n\t\t\t<span class='e-closed'><i aria-hidden=\"true\" class=\"fas fa-plus\"><\/i><\/span>\n\t\t<\/span>\n\n\t\t\t\t\t\t<\/summary>\n\t\t\t\t<div role=\"region\" aria-labelledby=\"e-n-accordion-item-1560\" class=\"elementor-element elementor-element-3b10d61 e-con-full e-flex e-con e-child\" data-id=\"3b10d61\" data-element_type=\"container\">\n\t\t\t\t<div class=\"elementor-element elementor-element-8bd4d64 elementor-widget elementor-widget-text-editor\" data-id=\"8bd4d64\" data-element_type=\"widget\" data-widget_type=\"text-editor.default\">\n\t\t\t\t<div class=\"elementor-widget-container\">\n\t\t\t\t\t\t\t\t\t<p>Ja, det er gratis at spille alle spillene i Board Gaming Zone, n\u00e5r du har en gyldig billet til Comic Con Denmark. Du kan frit s\u00e6tte dig ved et bord, v\u00e6lge et spil og g\u00e5 i gang \u2013 evt. med hj\u00e6lp fra vores spilv\u00e6rter<\/p>\n\t\t\t\t\t\t\t\t<\/div>\n\t\t\t\t<\/div>\n\t\t\t\t<\/div>\n\t\t\t\t\t<\/details>\n\t\t\t\t\t\t<details id=\"e-n-accordion-item-1561\" class=\"e-n-accordion-item\" >\n\t\t\t\t<summary class=\"e-n-accordion-item-title\" data-accordion-index=\"2\" tabindex=\"-1\" aria-expanded=\"false\" aria-controls=\"e-n-accordion-item-1561\" >\n\t\t\t\t\t<span class='e-n-accordion-item-title-header'><div class=\"e-n-accordion-item-title-text\"> Hvilke spil kan man spille? <\/div><\/span>\n\t\t\t\t\t\t\t<span class='e-n-accordion-item-title-icon'>\n\t\t\t<span class='e-opened' ><i aria-hidden=\"true\" class=\"fas fa-minus\"><\/i><\/span>\n\t\t\t<span class='e-closed'><i aria-hidden=\"true\" class=\"fas fa-plus\"><\/i><\/span>\n\t\t<\/span>\n\n\t\t\t\t\t\t<\/summary>\n\t\t\t\t<div role=\"region\" aria-labelledby=\"e-n-accordion-item-1561\" class=\"elementor-element elementor-element-94757c4 e-con-full e-flex e-con e-child\" data-id=\"94757c4\" data-element_type=\"container\">\n\t\t\t\t<div class=\"elementor-element elementor-element-40a3dab elementor-widget elementor-widget-text-editor\" data-id=\"40a3dab\" data-element_type=\"widget\" data-widget_type=\"text-editor.default\">\n\t\t\t\t<div class=\"elementor-widget-container\">\n\t\t\t\t\t\t\t\t\t<p>Udvalget af br\u00e6tspil sp\u00e6nder fra familievenlige spil til strategispil, partyspil og meget mere. Du kan se et udvalg af de spil, der kommer til Comic Con Denmark, p\u00e5 siden herunder i afsnittet \u201cSpil det her i Board Gaming Zone\u201d, som l\u00f8bende bliver opdateret frem mod eventet.<\/p>\n\t\t\t\t\t\t\t\t<\/div>\n\t\t\t\t<\/div>\n\t\t\t\t<\/div>\n\t\t\t\t\t<\/details>\n\t\t\t\t\t<\/div>\n\t\t\t\t\t\t<\/div>\n\t\t\t\t<\/div>\n\t\t\t\t\t<\/div>\n\t\t<\/div>\n\t\t\t\t\t<\/div>\n\t\t<\/section>\n\t\t\t\t\t<\/div>\n\t\t<\/div>\n\t\t\t\t\t<\/div>\n\t\t<\/section>\n\t\t\t\t<\/div>\n\t\t","protected":false},"excerpt":{"rendered":"<p>Br\u00e6tspils fans, se her! Vores partner Asmodee Nordics kommer til Comic Con Denmark og har taget en k\u00e6mpe Board Gaming Zone med. S\u00e6t dig, tag et spil og g\u00f8r dig klar til at have sjov!<\/p>\n","protected":false},"author":1294,"featured_media":64050,"parent":0,"menu_order":0,"comment_status":"closed","ping_status":"closed","template":"elementor_header_footer","meta":{"_seopress_robots_primary_cat":"","_seopress_titles_title":"Board Gaming Zone | Comic Con Denmark","_seopress_titles_desc":"Br\u00e6tspils fans, se her! Kom til vores Board Gaming Zone som er blevet fyldt af sjove spil af vores partner Asmodee Nordics. Sl\u00e5 dig ned og g\u00f8r dig klar til at spille!","_seopress_robots_index":"","footnotes":""},"class_list":["post-64068","page","type-page","status-publish","has-post-thumbnail","hentry"],"_links":{"self":[{"href":"https:\/\/www.comiccondenmark.com\/da\/wp-json\/wp\/v2\/pages\/64068","targetHints":{"allow":["GET"]}}],"collection":[{"href":"https:\/\/www.comiccondenmark.com\/da\/wp-json\/wp\/v2\/pages"}],"about":[{"href":"https:\/\/www.comiccondenmark.com\/da\/wp-json\/wp\/v2\/types\/page"}],"author":[{"embeddable":true,"href":"https:\/\/www.comiccondenmark.com\/da\/wp-json\/wp\/v2\/users\/1294"}],"replies":[{"embeddable":true,"href":"https:\/\/www.comiccondenmark.com\/da\/wp-json\/wp\/v2\/comments?post=64068"}],"version-history":[{"count":5,"href":"https:\/\/www.comiccondenmark.com\/da\/wp-json\/wp\/v2\/pages\/64068\/revisions"}],"predecessor-version":[{"id":68011,"href":"https:\/\/www.comiccondenmark.com\/da\/wp-json\/wp\/v2\/pages\/64068\/revisions\/68011"}],"wp:featuredmedia":[{"embeddable":true,"href":"https:\/\/www.comiccondenmark.com\/da\/wp-json\/wp\/v2\/media\/64050"}],"wp:attachment":[{"href":"https:\/\/www.comiccondenmark.com\/da\/wp-json\/wp\/v2\/media?parent=64068"}],"curies":[{"name":"wp","href":"https:\/\/api.w.org\/{rel}","templated":true}]}}