{"id":68273,"date":"2026-02-13T09:34:17","date_gmt":"2026-02-13T08:34:17","guid":{"rendered":"https:\/\/www.comiccondenmark.com\/kom-foerst\/"},"modified":"2026-02-19T13:03:16","modified_gmt":"2026-02-19T12:03:16","slug":"kom-foerst","status":"publish","type":"page","link":"https:\/\/www.comiccondenmark.com\/da\/kom-foerst\/","title":{"rendered":"Kom f\u00f8rst"},"content":{"rendered":"\t\t<div data-elementor-type=\"wp-page\" data-elementor-id=\"68273\" class=\"elementor elementor-68273 elementor-68251\" data-elementor-post-type=\"page\">\n\t\t\t\t\t\t<section class=\"elementor-section elementor-top-section elementor-element elementor-element-feb2762 elementor-section-boxed elementor-section-height-default elementor-section-height-default\" data-id=\"feb2762\" data-element_type=\"section\" data-settings=\"{&quot;background_background&quot;:&quot;classic&quot;}\">\n\t\t\t\t\t\t<div class=\"elementor-container elementor-column-gap-default\">\n\t\t\t\t\t<div class=\"elementor-column elementor-col-100 elementor-top-column elementor-element elementor-element-4e4f4e6\" data-id=\"4e4f4e6\" data-element_type=\"column\">\n\t\t\t<div class=\"elementor-widget-wrap elementor-element-populated\">\n\t\t\t\t\t\t<section class=\"elementor-section elementor-inner-section elementor-element elementor-element-fa8c046 elementor-section-boxed elementor-section-height-default elementor-section-height-default\" data-id=\"fa8c046\" data-element_type=\"section\">\n\t\t\t\t\t\t<div class=\"elementor-container elementor-column-gap-default\">\n\t\t\t\t\t<div class=\"elementor-column elementor-col-100 elementor-inner-column elementor-element elementor-element-84af871\" data-id=\"84af871\" data-element_type=\"column\">\n\t\t\t<div class=\"elementor-widget-wrap elementor-element-populated\">\n\t\t\t\t\t\t<div class=\"elementor-element elementor-element-e114c36 premium-header-block premium-lq__none premium-box-lq__none elementor-widget elementor-widget-premium-addon-dual-header\" data-id=\"e114c36\" data-element_type=\"widget\" data-widget_type=\"premium-addon-dual-header.default\">\n\t\t\t\t<div class=\"elementor-widget-container\">\n\t\t\t\t\t\r\n\t\t\t\t\t<h1 class=\"premium-dual-header-first-header \"><span class=\"premium-dual-header-first-span\">Kom f\u00f8rst til <\/span><span class=\"premium-dual-header-second-header \">Comic Con Denmark<\/span><\/h1> \t\t\r\n\t\t\t\t\t\t<\/div>\n\t\t\t\t<\/div>\n\t\t\t\t<div class=\"elementor-element elementor-element-d685613 elementor-widget elementor-widget-text-editor\" data-id=\"d685613\" data-element_type=\"widget\" data-widget_type=\"text-editor.default\">\n\t\t\t\t<div class=\"elementor-widget-container\">\n\t\t\t\t\t\t\t\t\t<p>Tilmeld dig vores nyhedsbrev, og f\u00e5 tidlig adgang til billetsalg, kom f\u00f8rst til de bedste priser og eksklusive Comic Con-opdateringer f\u00f8r alle andre.<\/p>\n\t\t\t\t\t\t\t\t<\/div>\n\t\t\t\t<\/div>\n\t\t\t\t\t<\/div>\n\t\t<\/div>\n\t\t\t\t\t<\/div>\n\t\t<\/section>\n\t\t\t\t<section class=\"elementor-section elementor-inner-section elementor-element elementor-element-44f1551 elementor-section-full_width elementor-section-height-default elementor-section-height-default\" data-id=\"44f1551\" data-element_type=\"section\">\n\t\t\t\t\t\t<div class=\"elementor-container elementor-column-gap-default\">\n\t\t\t\t\t<div class=\"elementor-column elementor-col-50 elementor-inner-column elementor-element elementor-element-c727b63\" data-id=\"c727b63\" data-element_type=\"column\" data-settings=\"{&quot;background_background&quot;:&quot;classic&quot;}\">\n\t\t\t<div class=\"elementor-widget-wrap elementor-element-populated\">\n\t\t\t\t\t\t<div class=\"elementor-element elementor-element-70c3f37 elementor-widget elementor-widget-heading\" data-id=\"70c3f37\" data-element_type=\"widget\" data-widget_type=\"heading.default\">\n\t\t\t\t<div class=\"elementor-widget-container\">\n\t\t\t\t\t<h2 class=\"elementor-heading-title elementor-size-default\">Hvad f\u00e5r du<\/h2>\t\t\t\t<\/div>\n\t\t\t\t<\/div>\n\t\t\t\t<div class=\"elementor-element elementor-element-d26f3db elementor-widget elementor-widget-text-editor\" data-id=\"d26f3db\" data-element_type=\"widget\" data-widget_type=\"text-editor.default\">\n\t\t\t\t<div class=\"elementor-widget-container\">\n\t\t\t\t\t\t\t\t\t<p>\ud83c\udf9f\ufe0f Tidlig adgang til indgangsbilletter (f\u00f8r vi \u00e5bner for alment salg)<br \/>\ud83d\udca5 Kom f\u00f8rst til Blind Bird og Early Bird billetterne, vores bedste priser<br \/>\u2728 Eksklusivt extra g\u00e6ste-hint<br \/>\ud83d\udecd\ufe0f F\u00f8rste kig p\u00e5 udstillere og eksklusive tilbud<\/p>\n<p>Ingen spam. Kun fede ting.<\/p>\n\t\t\t\t\t\t\t\t<\/div>\n\t\t\t\t<\/div>\n\t\t\t\t<div class=\"elementor-element elementor-element-50b2296 elementor-widget elementor-widget-heading\" data-id=\"50b2296\" data-element_type=\"widget\" data-widget_type=\"heading.default\">\n\t\t\t\t<div class=\"elementor-widget-container\">\n\t\t\t\t\t<h2 class=\"elementor-heading-title elementor-size-default\">Din chance at g\u00f8re et kup<\/h2>\t\t\t\t<\/div>\n\t\t\t\t<\/div>\n\t\t\t\t<div class=\"elementor-element elementor-element-fd3f7fb elementor-widget elementor-widget-text-editor\" data-id=\"fd3f7fb\" data-element_type=\"widget\" data-widget_type=\"text-editor.default\">\n\t\t\t\t<div class=\"elementor-widget-container\">\n\t\t\t\t\t\t\t\t\t<p>Early Bird billetterne blev udsolgt hurtigt sidste \u00e5r, og vores endnu billigere Blind Bird billetter ryger ofte endnu hurtigere, og nu kommer vores nyhedsbrevsl\u00e6sere f\u00f8rst.<\/p>\n\t\t\t\t\t\t\t\t<\/div>\n\t\t\t\t<\/div>\n\t\t\t\t<div class=\"elementor-element elementor-element-c77f90e elementor-button-align-start elementor-widget elementor-widget-form\" data-id=\"c77f90e\" data-element_type=\"widget\" data-settings=\"{&quot;step_next_label&quot;:&quot;N\\u00e6ste&quot;,&quot;step_previous_label&quot;:&quot;Forrige&quot;,&quot;button_width&quot;:&quot;100&quot;,&quot;step_type&quot;:&quot;number_text&quot;,&quot;step_icon_shape&quot;:&quot;circle&quot;}\" data-widget_type=\"form.default\">\n\t\t\t\t<div class=\"elementor-widget-container\">\n\t\t\t\t\t\t\t<form class=\"elementor-form\" method=\"post\" id=\"optin_campaign\" name=\"optin_campaign\" aria-label=\"optin_campaign\">\n\t\t\t<input type=\"hidden\" name=\"post_id\" value=\"68273\"\/>\n\t\t\t<input type=\"hidden\" name=\"form_id\" value=\"c77f90e\"\/>\n\t\t\t<input type=\"hidden\" name=\"referer_title\" value=\"\" \/>\n\n\t\t\t\n\t\t\t<div class=\"elementor-form-fields-wrapper elementor-labels-\">\n\t\t\t\t\t\t\t\t<div class=\"elementor-field-type-text elementor-field-group elementor-column elementor-field-group-FirstName elementor-col-50 elementor-field-required\">\n\t\t\t\t\t\t\t\t\t\t\t\t<label for=\"form-field-FirstName\" class=\"elementor-field-label elementor-screen-only\">\n\t\t\t\t\t\t\t\tNavn\t\t\t\t\t\t\t<\/label>\n\t\t\t\t\t\t\t\t\t\t\t\t\t\t<input size=\"1\" type=\"text\" name=\"form_fields[FirstName]\" id=\"form-field-FirstName\" class=\"elementor-field elementor-size-sm  elementor-field-textual\" placeholder=\"Navn\" required=\"required\">\n\t\t\t\t\t\t\t\t\t\t\t<\/div>\n\t\t\t\t\t\t\t\t<div class=\"elementor-field-type-text elementor-field-group elementor-column elementor-field-group-LastName elementor-col-50 elementor-field-required\">\n\t\t\t\t\t\t\t\t\t\t\t\t<label for=\"form-field-LastName\" class=\"elementor-field-label elementor-screen-only\">\n\t\t\t\t\t\t\t\tEfternavn\t\t\t\t\t\t\t<\/label>\n\t\t\t\t\t\t\t\t\t\t\t\t\t\t<input size=\"1\" type=\"text\" name=\"form_fields[LastName]\" id=\"form-field-LastName\" class=\"elementor-field elementor-size-sm  elementor-field-textual\" placeholder=\"Efternavn\" required=\"required\">\n\t\t\t\t\t\t\t\t\t\t\t<\/div>\n\t\t\t\t\t\t\t\t<div class=\"elementor-field-type-email elementor-field-group elementor-column elementor-field-group-Email elementor-col-100 elementor-field-required\">\n\t\t\t\t\t\t\t\t\t\t\t\t<label for=\"form-field-Email\" class=\"elementor-field-label elementor-screen-only\">\n\t\t\t\t\t\t\t\tE-mail\t\t\t\t\t\t\t<\/label>\n\t\t\t\t\t\t\t\t\t\t\t\t\t\t<input size=\"1\" type=\"email\" name=\"form_fields[Email]\" id=\"form-field-Email\" class=\"elementor-field elementor-size-sm  elementor-field-textual\" placeholder=\"E-mail\" required=\"required\">\n\t\t\t\t\t\t\t\t\t\t\t<\/div>\n\t\t\t\t\t\t\t\t<div class=\"elementor-field-type-recaptcha_v3 elementor-field-group elementor-column elementor-field-group-field_bec6c78 elementor-col-100 recaptcha_v3-inline\">\n\t\t\t\t\t<div class=\"elementor-field\" id=\"form-field-field_bec6c78\"><div class=\"elementor-g-recaptcha\" data-sitekey=\"6Lc1vIwqAAAAALv6Vw-I1W992M0o-My7K6rvQ8mp\" data-type=\"v3\" data-action=\"Form\" data-badge=\"inline\" data-size=\"invisible\"><\/div><\/div>\t\t\t\t<\/div>\n\t\t\t\t\t\t\t\t<div class=\"elementor-field-type-hidden elementor-field-group elementor-column elementor-field-group-da elementor-col-100\">\n\t\t\t\t\t\t\t\t\t\t\t\t\t<input size=\"1\" type=\"hidden\" name=\"form_fields[da]\" id=\"form-field-da\" class=\"elementor-field elementor-size-sm  elementor-field-textual\" value=\"da\">\n\t\t\t\t\t\t\t\t\t\t\t<\/div>\n\t\t\t\t\t\t\t\t<div class=\"elementor-field-group elementor-column elementor-field-type-submit elementor-col-100 e-form__buttons\">\n\t\t\t\t\t<button class=\"elementor-button elementor-size-sm elementor-animation-grow\" type=\"submit\">\n\t\t\t\t\t\t<span class=\"elementor-button-content-wrapper\">\n\t\t\t\t\t\t\t\t\t\t\t\t\t\t\t\t\t\t\t\t\t\t<span class=\"elementor-button-text\">Tilmeld dig til The Comic Con Gazette<\/span>\n\t\t\t\t\t\t\t\t\t\t\t\t\t<\/span>\n\t\t\t\t\t<\/button>\n\t\t\t\t<\/div>\n\t\t\t<\/div>\n\t\t<\/form>\n\t\t\t\t\t\t<\/div>\n\t\t\t\t<\/div>\n\t\t\t\t<div class=\"elementor-element elementor-element-44b2e41 elementor-widget elementor-widget-text-editor\" data-id=\"44b2e41\" data-element_type=\"widget\" data-widget_type=\"text-editor.default\">\n\t\t\t\t<div class=\"elementor-widget-container\">\n\t\t\t\t\t\t\t\t\t<p>Ved at abonnere accepterer jeg at modtage kampagner fra ComicCon i overensstemmelse med vores<a href=\"https:\/\/www.easyfairs.com\/privacy-policy\/denmark-english\/\"> privatlivspolitik.<\/a><\/p>\n\t\t\t\t\t\t\t\t<\/div>\n\t\t\t\t<\/div>\n\t\t\t\t\t<\/div>\n\t\t<\/div>\n\t\t\t\t<div class=\"elementor-column elementor-col-50 elementor-inner-column elementor-element elementor-element-a1369e2\" data-id=\"a1369e2\" data-element_type=\"column\" data-settings=\"{&quot;background_background&quot;:&quot;classic&quot;}\">\n\t\t\t<div class=\"elementor-widget-wrap elementor-element-populated\">\n\t\t\t\t\t\t<div class=\"elementor-element elementor-element-70059ad elementor-widget elementor-widget-spacer\" data-id=\"70059ad\" data-element_type=\"widget\" data-widget_type=\"spacer.default\">\n\t\t\t\t<div class=\"elementor-widget-container\">\n\t\t\t\t\t\t\t<div class=\"elementor-spacer\">\n\t\t\t<div class=\"elementor-spacer-inner\"><\/div>\n\t\t<\/div>\n\t\t\t\t\t\t<\/div>\n\t\t\t\t<\/div>\n\t\t\t\t\t<\/div>\n\t\t<\/div>\n\t\t\t\t\t<\/div>\n\t\t<\/section>\n\t\t\t\t\t<\/div>\n\t\t<\/div>\n\t\t\t\t\t<\/div>\n\t\t<\/section>\n\t\t\t\t<\/div>\n\t\t","protected":false},"excerpt":{"rendered":"<p>Kom f\u00f8rst til Comic Con Denmark Tilmeld dig vores nyhedsbrev, og f\u00e5 tidlig adgang til billetsalg, kom f\u00f8rst til de bedste priser og eksklusive Comic Con-opdateringer f\u00f8r alle andre. Hvad f\u00e5r du \ud83c\udf9f\ufe0f Tidlig adgang til indgangsbilletter (f\u00f8r vi \u00e5bner for alment salg)\ud83d\udca5 Kom f\u00f8rst til Blind Bird og Early Bird billetterne, vores bedste priser\u2728 [&hellip;]<\/p>\n","protected":false},"author":1294,"featured_media":68256,"parent":0,"menu_order":0,"comment_status":"closed","ping_status":"closed","template":"elementor_header_footer","meta":{"_seopress_robots_primary_cat":"","_seopress_titles_title":"","_seopress_titles_desc":"","_seopress_robots_index":"","footnotes":""},"class_list":["post-68273","page","type-page","status-publish","has-post-thumbnail","hentry"],"_links":{"self":[{"href":"https:\/\/www.comiccondenmark.com\/da\/wp-json\/wp\/v2\/pages\/68273","targetHints":{"allow":["GET"]}}],"collection":[{"href":"https:\/\/www.comiccondenmark.com\/da\/wp-json\/wp\/v2\/pages"}],"about":[{"href":"https:\/\/www.comiccondenmark.com\/da\/wp-json\/wp\/v2\/types\/page"}],"author":[{"embeddable":true,"href":"https:\/\/www.comiccondenmark.com\/da\/wp-json\/wp\/v2\/users\/1294"}],"replies":[{"embeddable":true,"href":"https:\/\/www.comiccondenmark.com\/da\/wp-json\/wp\/v2\/comments?post=68273"}],"version-history":[{"count":5,"href":"https:\/\/www.comiccondenmark.com\/da\/wp-json\/wp\/v2\/pages\/68273\/revisions"}],"predecessor-version":[{"id":68327,"href":"https:\/\/www.comiccondenmark.com\/da\/wp-json\/wp\/v2\/pages\/68273\/revisions\/68327"}],"wp:featuredmedia":[{"embeddable":true,"href":"https:\/\/www.comiccondenmark.com\/da\/wp-json\/wp\/v2\/media\/68256"}],"wp:attachment":[{"href":"https:\/\/www.comiccondenmark.com\/da\/wp-json\/wp\/v2\/media?parent=68273"}],"curies":[{"name":"wp","href":"https:\/\/api.w.org\/{rel}","templated":true}]}}